{"id":440,"date":"2025-06-10T12:11:18","date_gmt":"2025-06-10T10:11:18","guid":{"rendered":"https:\/\/likouala.ontherightway.com\/responsabilita-sociale\/"},"modified":"2025-10-01T17:11:52","modified_gmt":"2025-10-01T15:11:52","slug":"responsabilita-sociale","status":"publish","type":"page","link":"https:\/\/likouala.ontherightway.com\/fr\/responsabilita-sociale\/","title":{"rendered":"Responsabilit\u00e9 sociale"},"content":{"rendered":"<p>L&rsquo;ITTO (International Tropical Timber Organization) est l&rsquo;organisation intergouvernementale mondiale charg\u00e9e de promouvoir une forme d\u2019exploitation \u00e9co-responsable des ressources foresti\u00e8res dans les zones tropicales.<\/p>\n<p>Son organe gouvernemental est le Conseil International sur le bois qui comprend tous les membres de l\u2019organisation et qui se r\u00e9unit deux fois par an pour d\u00e9velopper politiques et normes relatives aux for\u00eats. Likouala Timber est depuis toujours attentive aux lignes de conduite et aux crit\u00e8res dict\u00e9s par l\u2019organisation mais \u00e0 cet engagement, elle associe d\u2019autres efforts importants en faveur des populations locales qui souffrent souvent de probl\u00e8mes sociaux et m\u00e9dicaux caus\u00e9s entre autres par la malnutrition.<\/p>\n","protected":false},"excerpt":{"rendered":"<p>L&rsquo;ITTO (International Tropical Timber Organization) est l&rsquo;organisation intergouvernementale mondiale charg\u00e9e de promouvoir une forme d\u2019exploitation \u00e9co-responsable des ressources foresti\u00e8res dans les zones tropicales. Son organe gouvernemental est le Conseil International sur le bois qui comprend tous les membres de l\u2019organisation et qui se r\u00e9unit deux fois par an pour d\u00e9velopper politiques et normes relatives aux [&hellip;]<\/p>\n","protected":false},"author":1,"featured_media":333,"parent":0,"menu_order":0,"comment_status":"closed","ping_status":"closed","template":"","meta":{"_acf_changed":false,"inline_featured_image":false,"footnotes":""},"class_list":["post-440","page","type-page","status-publish","has-post-thumbnail","hentry"],"acf":[],"yoast_head":"<!-- This site is optimized with the Yoast SEO plugin v26.2 - https:\/\/yoast.com\/wordpress\/plugins\/seo\/ -->\n<title>Responsabilit\u00e9 sociale - Likouala Timber<\/title>\n<meta name=\"robots\" content=\"noindex, follow, max-snippet:-1, max-image-preview:large, max-video-preview:-1\" \/>\n<meta property=\"og:locale\" content=\"fr_FR\" \/>\n<meta property=\"og:type\" content=\"article\" \/>\n<meta property=\"og:title\" content=\"Responsabilit\u00e9 sociale - Likouala Timber\" \/>\n<meta property=\"og:description\" content=\"L&rsquo;ITTO (International Tropical Timber Organization) est l&rsquo;organisation intergouvernementale mondiale charg\u00e9e de promouvoir une forme d\u2019exploitation \u00e9co-responsable des ressources foresti\u00e8res dans les zones tropicales. Son organe gouvernemental est le Conseil International sur le bois qui comprend tous les membres de l\u2019organisation et qui se r\u00e9unit deux fois par an pour d\u00e9velopper politiques et normes relatives aux [&hellip;]\" \/>\n<meta property=\"og:url\" content=\"https:\/\/likouala.ontherightway.com\/fr\/responsabilita-sociale\/\" \/>\n<meta property=\"og:site_name\" content=\"Likouala Timber\" \/>\n<meta property=\"article:modified_time\" content=\"2025-10-01T15:11:52+00:00\" \/>\n<meta property=\"og:image\" content=\"https:\/\/likouala.ontherightway.com\/wp-content\/uploads\/2025\/06\/reasponsabilita-sociale.jpg\" \/>\n\t<meta property=\"og:image:width\" content=\"1681\" \/>\n\t<meta property=\"og:image:height\" content=\"1159\" \/>\n\t<meta property=\"og:image:type\" content=\"image\/jpeg\" \/>\n<meta name=\"twitter:card\" content=\"summary_large_image\" \/>\n<meta name=\"twitter:label1\" content=\"Dur\u00e9e de lecture estim\u00e9e\" \/>\n\t<meta name=\"twitter:data1\" content=\"1 minute\" \/>\n<script type=\"application\/ld+json\" class=\"yoast-schema-graph\">{\"@context\":\"https:\/\/schema.org\",\"@graph\":[{\"@type\":\"WebPage\",\"@id\":\"https:\/\/likouala.ontherightway.com\/fr\/responsabilita-sociale\/\",\"url\":\"https:\/\/likouala.ontherightway.com\/fr\/responsabilita-sociale\/\",\"name\":\"Responsabilit\u00e9 sociale - Likouala Timber\",\"isPartOf\":{\"@id\":\"https:\/\/likouala.ontherightway.com\/#website\"},\"primaryImageOfPage\":{\"@id\":\"https:\/\/likouala.ontherightway.com\/fr\/responsabilita-sociale\/#primaryimage\"},\"image\":{\"@id\":\"https:\/\/likouala.ontherightway.com\/fr\/responsabilita-sociale\/#primaryimage\"},\"thumbnailUrl\":\"https:\/\/likouala.ontherightway.com\/wp-content\/uploads\/2025\/06\/reasponsabilita-sociale.jpg\",\"datePublished\":\"2025-06-10T10:11:18+00:00\",\"dateModified\":\"2025-10-01T15:11:52+00:00\",\"breadcrumb\":{\"@id\":\"https:\/\/likouala.ontherightway.com\/fr\/responsabilita-sociale\/#breadcrumb\"},\"inLanguage\":\"fr-FR\",\"potentialAction\":[{\"@type\":\"ReadAction\",\"target\":[\"https:\/\/likouala.ontherightway.com\/fr\/responsabilita-sociale\/\"]}]},{\"@type\":\"ImageObject\",\"inLanguage\":\"fr-FR\",\"@id\":\"https:\/\/likouala.ontherightway.com\/fr\/responsabilita-sociale\/#primaryimage\",\"url\":\"https:\/\/likouala.ontherightway.com\/wp-content\/uploads\/2025\/06\/reasponsabilita-sociale.jpg\",\"contentUrl\":\"https:\/\/likouala.ontherightway.com\/wp-content\/uploads\/2025\/06\/reasponsabilita-sociale.jpg\",\"width\":1681,\"height\":1159},{\"@type\":\"BreadcrumbList\",\"@id\":\"https:\/\/likouala.ontherightway.com\/fr\/responsabilita-sociale\/#breadcrumb\",\"itemListElement\":[{\"@type\":\"ListItem\",\"position\":1,\"name\":\"Home\",\"item\":\"https:\/\/likouala.ontherightway.com\/fr\/\"},{\"@type\":\"ListItem\",\"position\":2,\"name\":\"Responsabilit\u00e9 sociale\"}]},{\"@type\":\"WebSite\",\"@id\":\"https:\/\/likouala.ontherightway.com\/#website\",\"url\":\"https:\/\/likouala.ontherightway.com\/\",\"name\":\"Likouala Timber\",\"description\":\"\",\"potentialAction\":[{\"@type\":\"SearchAction\",\"target\":{\"@type\":\"EntryPoint\",\"urlTemplate\":\"https:\/\/likouala.ontherightway.com\/?s={search_term_string}\"},\"query-input\":{\"@type\":\"PropertyValueSpecification\",\"valueRequired\":true,\"valueName\":\"search_term_string\"}}],\"inLanguage\":\"fr-FR\"}]}<\/script>\n<!-- \/ Yoast SEO plugin. -->","yoast_head_json":{"title":"Responsabilit\u00e9 sociale - Likouala Timber","robots":{"index":"noindex","follow":"follow","max-snippet":"max-snippet:-1","max-image-preview":"max-image-preview:large","max-video-preview":"max-video-preview:-1"},"og_locale":"fr_FR","og_type":"article","og_title":"Responsabilit\u00e9 sociale - Likouala Timber","og_description":"L&rsquo;ITTO (International Tropical Timber Organization) est l&rsquo;organisation intergouvernementale mondiale charg\u00e9e de promouvoir une forme d\u2019exploitation \u00e9co-responsable des ressources foresti\u00e8res dans les zones tropicales. Son organe gouvernemental est le Conseil International sur le bois qui comprend tous les membres de l\u2019organisation et qui se r\u00e9unit deux fois par an pour d\u00e9velopper politiques et normes relatives aux [&hellip;]","og_url":"https:\/\/likouala.ontherightway.com\/fr\/responsabilita-sociale\/","og_site_name":"Likouala Timber","article_modified_time":"2025-10-01T15:11:52+00:00","og_image":[{"width":1681,"height":1159,"url":"https:\/\/likouala.ontherightway.com\/wp-content\/uploads\/2025\/06\/reasponsabilita-sociale.jpg","type":"image\/jpeg"}],"twitter_card":"summary_large_image","twitter_misc":{"Dur\u00e9e de lecture estim\u00e9e":"1 minute"},"schema":{"@context":"https:\/\/schema.org","@graph":[{"@type":"WebPage","@id":"https:\/\/likouala.ontherightway.com\/fr\/responsabilita-sociale\/","url":"https:\/\/likouala.ontherightway.com\/fr\/responsabilita-sociale\/","name":"Responsabilit\u00e9 sociale - Likouala Timber","isPartOf":{"@id":"https:\/\/likouala.ontherightway.com\/#website"},"primaryImageOfPage":{"@id":"https:\/\/likouala.ontherightway.com\/fr\/responsabilita-sociale\/#primaryimage"},"image":{"@id":"https:\/\/likouala.ontherightway.com\/fr\/responsabilita-sociale\/#primaryimage"},"thumbnailUrl":"https:\/\/likouala.ontherightway.com\/wp-content\/uploads\/2025\/06\/reasponsabilita-sociale.jpg","datePublished":"2025-06-10T10:11:18+00:00","dateModified":"2025-10-01T15:11:52+00:00","breadcrumb":{"@id":"https:\/\/likouala.ontherightway.com\/fr\/responsabilita-sociale\/#breadcrumb"},"inLanguage":"fr-FR","potentialAction":[{"@type":"ReadAction","target":["https:\/\/likouala.ontherightway.com\/fr\/responsabilita-sociale\/"]}]},{"@type":"ImageObject","inLanguage":"fr-FR","@id":"https:\/\/likouala.ontherightway.com\/fr\/responsabilita-sociale\/#primaryimage","url":"https:\/\/likouala.ontherightway.com\/wp-content\/uploads\/2025\/06\/reasponsabilita-sociale.jpg","contentUrl":"https:\/\/likouala.ontherightway.com\/wp-content\/uploads\/2025\/06\/reasponsabilita-sociale.jpg","width":1681,"height":1159},{"@type":"BreadcrumbList","@id":"https:\/\/likouala.ontherightway.com\/fr\/responsabilita-sociale\/#breadcrumb","itemListElement":[{"@type":"ListItem","position":1,"name":"Home","item":"https:\/\/likouala.ontherightway.com\/fr\/"},{"@type":"ListItem","position":2,"name":"Responsabilit\u00e9 sociale"}]},{"@type":"WebSite","@id":"https:\/\/likouala.ontherightway.com\/#website","url":"https:\/\/likouala.ontherightway.com\/","name":"Likouala Timber","description":"","potentialAction":[{"@type":"SearchAction","target":{"@type":"EntryPoint","urlTemplate":"https:\/\/likouala.ontherightway.com\/?s={search_term_string}"},"query-input":{"@type":"PropertyValueSpecification","valueRequired":true,"valueName":"search_term_string"}}],"inLanguage":"fr-FR"}]}},"_links":{"self":[{"href":"https:\/\/likouala.ontherightway.com\/fr\/wp-json\/wp\/v2\/pages\/440","targetHints":{"allow":["GET"]}}],"collection":[{"href":"https:\/\/likouala.ontherightway.com\/fr\/wp-json\/wp\/v2\/pages"}],"about":[{"href":"https:\/\/likouala.ontherightway.com\/fr\/wp-json\/wp\/v2\/types\/page"}],"author":[{"embeddable":true,"href":"https:\/\/likouala.ontherightway.com\/fr\/wp-json\/wp\/v2\/users\/1"}],"replies":[{"embeddable":true,"href":"https:\/\/likouala.ontherightway.com\/fr\/wp-json\/wp\/v2\/comments?post=440"}],"version-history":[{"count":1,"href":"https:\/\/likouala.ontherightway.com\/fr\/wp-json\/wp\/v2\/pages\/440\/revisions"}],"predecessor-version":[{"id":442,"href":"https:\/\/likouala.ontherightway.com\/fr\/wp-json\/wp\/v2\/pages\/440\/revisions\/442"}],"wp:featuredmedia":[{"embeddable":true,"href":"https:\/\/likouala.ontherightway.com\/fr\/wp-json\/wp\/v2\/media\/333"}],"wp:attachment":[{"href":"https:\/\/likouala.ontherightway.com\/fr\/wp-json\/wp\/v2\/media?parent=440"}],"curies":[{"name":"wp","href":"https:\/\/api.w.org\/{rel}","templated":true}]}}