{"id":426,"date":"2025-06-10T12:59:59","date_gmt":"2025-06-10T10:59:59","guid":{"rendered":"https:\/\/likouala.ontherightway.com\/programmi-di-educazione\/"},"modified":"2025-10-01T17:06:47","modified_gmt":"2025-10-01T15:06:47","slug":"education","status":"publish","type":"page","link":"https:\/\/likouala.ontherightway.com\/fr\/education\/","title":{"rendered":"Education"},"content":{"rendered":"<p>La soci\u00e9t\u00e9 fournit les \u00e9quipements scolaires (tables et chaises) des \u00e9tablissements de B\u00e9tou et, depuis un an, a ouvert son propre \u00ab\u00a0Centre d&rsquo;Apprentissage\u00a0\u00bb.<br \/>\nElle participe \u00e0 l\u2019\u00e9ducation des enfants pygm\u00e9es en soutenant le projet d\u2019alphab\u00e9tisation des peuples autochtones (avec la m\u00e9thode ORA) promu par la mission catholique et l&rsquo;UNICEF \u00e0 l\u2019\u00e9cole de Wongo (25 kms de Betou) et \u00e0 l\u2019\u00e9cole de B\u00e9tou qui s\u2019est ouverte en septembre 2008.<\/p>\n","protected":false},"excerpt":{"rendered":"<p>La soci\u00e9t\u00e9 fournit les \u00e9quipements scolaires (tables et chaises) des \u00e9tablissements de B\u00e9tou et, depuis un an, a ouvert son propre \u00ab\u00a0Centre d&rsquo;Apprentissage\u00a0\u00bb. Elle participe \u00e0 l\u2019\u00e9ducation des enfants pygm\u00e9es en soutenant le projet d\u2019alphab\u00e9tisation des peuples autochtones (avec la m\u00e9thode ORA) promu par la mission catholique et l&rsquo;UNICEF \u00e0 l\u2019\u00e9cole de Wongo (25 kms [&hellip;]<\/p>\n","protected":false},"author":1,"featured_media":333,"parent":0,"menu_order":0,"comment_status":"closed","ping_status":"closed","template":"page-educazione.php","meta":{"_acf_changed":false,"inline_featured_image":false,"footnotes":""},"class_list":["post-426","page","type-page","status-publish","has-post-thumbnail","hentry"],"acf":[],"yoast_head":"<!-- This site is optimized with the Yoast SEO plugin v26.2 - https:\/\/yoast.com\/wordpress\/plugins\/seo\/ -->\n<title>Education - Likouala Timber<\/title>\n<meta name=\"robots\" content=\"noindex, follow, max-snippet:-1, max-image-preview:large, max-video-preview:-1\" \/>\n<meta property=\"og:locale\" content=\"fr_FR\" \/>\n<meta property=\"og:type\" content=\"article\" \/>\n<meta property=\"og:title\" content=\"Education - Likouala Timber\" \/>\n<meta property=\"og:description\" content=\"La soci\u00e9t\u00e9 fournit les \u00e9quipements scolaires (tables et chaises) des \u00e9tablissements de B\u00e9tou et, depuis un an, a ouvert son propre \u00ab\u00a0Centre d&rsquo;Apprentissage\u00a0\u00bb. Elle participe \u00e0 l\u2019\u00e9ducation des enfants pygm\u00e9es en soutenant le projet d\u2019alphab\u00e9tisation des peuples autochtones (avec la m\u00e9thode ORA) promu par la mission catholique et l&rsquo;UNICEF \u00e0 l\u2019\u00e9cole de Wongo (25 kms [&hellip;]\" \/>\n<meta property=\"og:url\" content=\"https:\/\/likouala.ontherightway.com\/fr\/education\/\" \/>\n<meta property=\"og:site_name\" content=\"Likouala Timber\" \/>\n<meta property=\"article:modified_time\" content=\"2025-10-01T15:06:47+00:00\" \/>\n<meta property=\"og:image\" content=\"https:\/\/likouala.ontherightway.com\/wp-content\/uploads\/2025\/06\/reasponsabilita-sociale.jpg\" \/>\n\t<meta property=\"og:image:width\" content=\"1681\" \/>\n\t<meta property=\"og:image:height\" content=\"1159\" \/>\n\t<meta property=\"og:image:type\" content=\"image\/jpeg\" \/>\n<meta name=\"twitter:card\" content=\"summary_large_image\" \/>\n<script type=\"application\/ld+json\" class=\"yoast-schema-graph\">{\"@context\":\"https:\/\/schema.org\",\"@graph\":[{\"@type\":\"WebPage\",\"@id\":\"https:\/\/likouala.ontherightway.com\/fr\/education\/\",\"url\":\"https:\/\/likouala.ontherightway.com\/fr\/education\/\",\"name\":\"Education - Likouala Timber\",\"isPartOf\":{\"@id\":\"https:\/\/likouala.ontherightway.com\/#website\"},\"primaryImageOfPage\":{\"@id\":\"https:\/\/likouala.ontherightway.com\/fr\/education\/#primaryimage\"},\"image\":{\"@id\":\"https:\/\/likouala.ontherightway.com\/fr\/education\/#primaryimage\"},\"thumbnailUrl\":\"https:\/\/likouala.ontherightway.com\/wp-content\/uploads\/2025\/06\/reasponsabilita-sociale.jpg\",\"datePublished\":\"2025-06-10T10:59:59+00:00\",\"dateModified\":\"2025-10-01T15:06:47+00:00\",\"breadcrumb\":{\"@id\":\"https:\/\/likouala.ontherightway.com\/fr\/education\/#breadcrumb\"},\"inLanguage\":\"fr-FR\",\"potentialAction\":[{\"@type\":\"ReadAction\",\"target\":[\"https:\/\/likouala.ontherightway.com\/fr\/education\/\"]}]},{\"@type\":\"ImageObject\",\"inLanguage\":\"fr-FR\",\"@id\":\"https:\/\/likouala.ontherightway.com\/fr\/education\/#primaryimage\",\"url\":\"https:\/\/likouala.ontherightway.com\/wp-content\/uploads\/2025\/06\/reasponsabilita-sociale.jpg\",\"contentUrl\":\"https:\/\/likouala.ontherightway.com\/wp-content\/uploads\/2025\/06\/reasponsabilita-sociale.jpg\",\"width\":1681,\"height\":1159},{\"@type\":\"BreadcrumbList\",\"@id\":\"https:\/\/likouala.ontherightway.com\/fr\/education\/#breadcrumb\",\"itemListElement\":[{\"@type\":\"ListItem\",\"position\":1,\"name\":\"Home\",\"item\":\"https:\/\/likouala.ontherightway.com\/fr\/\"},{\"@type\":\"ListItem\",\"position\":2,\"name\":\"Education\"}]},{\"@type\":\"WebSite\",\"@id\":\"https:\/\/likouala.ontherightway.com\/#website\",\"url\":\"https:\/\/likouala.ontherightway.com\/\",\"name\":\"Likouala Timber\",\"description\":\"\",\"potentialAction\":[{\"@type\":\"SearchAction\",\"target\":{\"@type\":\"EntryPoint\",\"urlTemplate\":\"https:\/\/likouala.ontherightway.com\/?s={search_term_string}\"},\"query-input\":{\"@type\":\"PropertyValueSpecification\",\"valueRequired\":true,\"valueName\":\"search_term_string\"}}],\"inLanguage\":\"fr-FR\"}]}<\/script>\n<!-- \/ Yoast SEO plugin. -->","yoast_head_json":{"title":"Education - Likouala Timber","robots":{"index":"noindex","follow":"follow","max-snippet":"max-snippet:-1","max-image-preview":"max-image-preview:large","max-video-preview":"max-video-preview:-1"},"og_locale":"fr_FR","og_type":"article","og_title":"Education - Likouala Timber","og_description":"La soci\u00e9t\u00e9 fournit les \u00e9quipements scolaires (tables et chaises) des \u00e9tablissements de B\u00e9tou et, depuis un an, a ouvert son propre \u00ab\u00a0Centre d&rsquo;Apprentissage\u00a0\u00bb. Elle participe \u00e0 l\u2019\u00e9ducation des enfants pygm\u00e9es en soutenant le projet d\u2019alphab\u00e9tisation des peuples autochtones (avec la m\u00e9thode ORA) promu par la mission catholique et l&rsquo;UNICEF \u00e0 l\u2019\u00e9cole de Wongo (25 kms [&hellip;]","og_url":"https:\/\/likouala.ontherightway.com\/fr\/education\/","og_site_name":"Likouala Timber","article_modified_time":"2025-10-01T15:06:47+00:00","og_image":[{"width":1681,"height":1159,"url":"https:\/\/likouala.ontherightway.com\/wp-content\/uploads\/2025\/06\/reasponsabilita-sociale.jpg","type":"image\/jpeg"}],"twitter_card":"summary_large_image","schema":{"@context":"https:\/\/schema.org","@graph":[{"@type":"WebPage","@id":"https:\/\/likouala.ontherightway.com\/fr\/education\/","url":"https:\/\/likouala.ontherightway.com\/fr\/education\/","name":"Education - Likouala Timber","isPartOf":{"@id":"https:\/\/likouala.ontherightway.com\/#website"},"primaryImageOfPage":{"@id":"https:\/\/likouala.ontherightway.com\/fr\/education\/#primaryimage"},"image":{"@id":"https:\/\/likouala.ontherightway.com\/fr\/education\/#primaryimage"},"thumbnailUrl":"https:\/\/likouala.ontherightway.com\/wp-content\/uploads\/2025\/06\/reasponsabilita-sociale.jpg","datePublished":"2025-06-10T10:59:59+00:00","dateModified":"2025-10-01T15:06:47+00:00","breadcrumb":{"@id":"https:\/\/likouala.ontherightway.com\/fr\/education\/#breadcrumb"},"inLanguage":"fr-FR","potentialAction":[{"@type":"ReadAction","target":["https:\/\/likouala.ontherightway.com\/fr\/education\/"]}]},{"@type":"ImageObject","inLanguage":"fr-FR","@id":"https:\/\/likouala.ontherightway.com\/fr\/education\/#primaryimage","url":"https:\/\/likouala.ontherightway.com\/wp-content\/uploads\/2025\/06\/reasponsabilita-sociale.jpg","contentUrl":"https:\/\/likouala.ontherightway.com\/wp-content\/uploads\/2025\/06\/reasponsabilita-sociale.jpg","width":1681,"height":1159},{"@type":"BreadcrumbList","@id":"https:\/\/likouala.ontherightway.com\/fr\/education\/#breadcrumb","itemListElement":[{"@type":"ListItem","position":1,"name":"Home","item":"https:\/\/likouala.ontherightway.com\/fr\/"},{"@type":"ListItem","position":2,"name":"Education"}]},{"@type":"WebSite","@id":"https:\/\/likouala.ontherightway.com\/#website","url":"https:\/\/likouala.ontherightway.com\/","name":"Likouala Timber","description":"","potentialAction":[{"@type":"SearchAction","target":{"@type":"EntryPoint","urlTemplate":"https:\/\/likouala.ontherightway.com\/?s={search_term_string}"},"query-input":{"@type":"PropertyValueSpecification","valueRequired":true,"valueName":"search_term_string"}}],"inLanguage":"fr-FR"}]}},"_links":{"self":[{"href":"https:\/\/likouala.ontherightway.com\/fr\/wp-json\/wp\/v2\/pages\/426","targetHints":{"allow":["GET"]}}],"collection":[{"href":"https:\/\/likouala.ontherightway.com\/fr\/wp-json\/wp\/v2\/pages"}],"about":[{"href":"https:\/\/likouala.ontherightway.com\/fr\/wp-json\/wp\/v2\/types\/page"}],"author":[{"embeddable":true,"href":"https:\/\/likouala.ontherightway.com\/fr\/wp-json\/wp\/v2\/users\/1"}],"replies":[{"embeddable":true,"href":"https:\/\/likouala.ontherightway.com\/fr\/wp-json\/wp\/v2\/comments?post=426"}],"version-history":[{"count":1,"href":"https:\/\/likouala.ontherightway.com\/fr\/wp-json\/wp\/v2\/pages\/426\/revisions"}],"predecessor-version":[{"id":438,"href":"https:\/\/likouala.ontherightway.com\/fr\/wp-json\/wp\/v2\/pages\/426\/revisions\/438"}],"wp:featuredmedia":[{"embeddable":true,"href":"https:\/\/likouala.ontherightway.com\/fr\/wp-json\/wp\/v2\/media\/333"}],"wp:attachment":[{"href":"https:\/\/likouala.ontherightway.com\/fr\/wp-json\/wp\/v2\/media?parent=426"}],"curies":[{"name":"wp","href":"https:\/\/api.w.org\/{rel}","templated":true}]}}