{"id":399,"date":"2025-06-10T12:24:36","date_gmt":"2025-06-10T10:24:36","guid":{"rendered":"https:\/\/likouala.ontherightway.com\/progetti-di-sanita\/"},"modified":"2025-10-01T16:07:42","modified_gmt":"2025-10-01T14:07:42","slug":"progetti-di-sanita","status":"publish","type":"page","link":"https:\/\/likouala.ontherightway.com\/fr\/progetti-di-sanita\/","title":{"rendered":"Projets de sant\u00e9"},"content":{"rendered":"<p>Depuis un an, la soci\u00e9t\u00e9 s\u2019est engag\u00e9e dans la lutte contre la malnutrition infantile. Un centre de lutte contre la malnutrition o\u00f9 l\u2019on distribue un repas \u00e0 haute valeur nutritive (p\u00e2te d&rsquo;arachide, huile, lait, sucre, farine de ma\u00efs) par jour a \u00e9t\u00e9 cr\u00e9\u00e9 pour tous les enfants dont le poids est inf\u00e9rieur aux normes de l&rsquo;OMS (troisi\u00e8me stade de la malnutrition).<br \/>\nLes enfants sont pes\u00e9s une fois par semaine et suivis quotidiennement par le personnel sanitaire du centre.<\/p>\n<blockquote><p>La soci\u00e9t\u00e9 prend en charge la sant\u00e9 de ses travailleurs et de leurs familles en finan\u00e7ant un docteur et des agents de sant\u00e9 et en fournissant tous les m\u00e9dicaments n\u00e9cessaires \u00e0 l\u2019h\u00f4pital public.<\/p><\/blockquote>\n","protected":false},"excerpt":{"rendered":"<p>Depuis un an, la soci\u00e9t\u00e9 s\u2019est engag\u00e9e dans la lutte contre la malnutrition infantile. Un centre de lutte contre la malnutrition o\u00f9 l\u2019on distribue un repas \u00e0 haute valeur nutritive (p\u00e2te d&rsquo;arachide, huile, lait, sucre, farine de ma\u00efs) par jour a \u00e9t\u00e9 cr\u00e9\u00e9 pour tous les enfants dont le poids est inf\u00e9rieur aux normes de [&hellip;]<\/p>\n","protected":false},"author":1,"featured_media":333,"parent":0,"menu_order":0,"comment_status":"closed","ping_status":"closed","template":"page-progetti-sanita.php","meta":{"_acf_changed":false,"inline_featured_image":false,"footnotes":""},"class_list":["post-399","page","type-page","status-publish","has-post-thumbnail","hentry"],"acf":[],"yoast_head":"<!-- This site is optimized with the Yoast SEO plugin v26.2 - https:\/\/yoast.com\/wordpress\/plugins\/seo\/ -->\n<title>Projets de sant\u00e9 - Likouala Timber<\/title>\n<meta name=\"robots\" content=\"noindex, follow, max-snippet:-1, max-image-preview:large, max-video-preview:-1\" \/>\n<meta property=\"og:locale\" content=\"fr_FR\" \/>\n<meta property=\"og:type\" content=\"article\" \/>\n<meta property=\"og:title\" content=\"Projets de sant\u00e9 - Likouala Timber\" \/>\n<meta property=\"og:description\" content=\"Depuis un an, la soci\u00e9t\u00e9 s\u2019est engag\u00e9e dans la lutte contre la malnutrition infantile. Un centre de lutte contre la malnutrition o\u00f9 l\u2019on distribue un repas \u00e0 haute valeur nutritive (p\u00e2te d&rsquo;arachide, huile, lait, sucre, farine de ma\u00efs) par jour a \u00e9t\u00e9 cr\u00e9\u00e9 pour tous les enfants dont le poids est inf\u00e9rieur aux normes de [&hellip;]\" \/>\n<meta property=\"og:url\" content=\"https:\/\/likouala.ontherightway.com\/fr\/progetti-di-sanita\/\" \/>\n<meta property=\"og:site_name\" content=\"Likouala Timber\" \/>\n<meta property=\"article:modified_time\" content=\"2025-10-01T14:07:42+00:00\" \/>\n<meta property=\"og:image\" content=\"https:\/\/likouala.ontherightway.com\/wp-content\/uploads\/2025\/06\/reasponsabilita-sociale.jpg\" \/>\n\t<meta property=\"og:image:width\" content=\"1681\" \/>\n\t<meta property=\"og:image:height\" content=\"1159\" \/>\n\t<meta property=\"og:image:type\" content=\"image\/jpeg\" \/>\n<meta name=\"twitter:card\" content=\"summary_large_image\" \/>\n<meta name=\"twitter:label1\" content=\"Dur\u00e9e de lecture estim\u00e9e\" \/>\n\t<meta name=\"twitter:data1\" content=\"1 minute\" \/>\n<script type=\"application\/ld+json\" class=\"yoast-schema-graph\">{\"@context\":\"https:\/\/schema.org\",\"@graph\":[{\"@type\":\"WebPage\",\"@id\":\"https:\/\/likouala.ontherightway.com\/fr\/progetti-di-sanita\/\",\"url\":\"https:\/\/likouala.ontherightway.com\/fr\/progetti-di-sanita\/\",\"name\":\"Projets de sant\u00e9 - Likouala Timber\",\"isPartOf\":{\"@id\":\"https:\/\/likouala.ontherightway.com\/#website\"},\"primaryImageOfPage\":{\"@id\":\"https:\/\/likouala.ontherightway.com\/fr\/progetti-di-sanita\/#primaryimage\"},\"image\":{\"@id\":\"https:\/\/likouala.ontherightway.com\/fr\/progetti-di-sanita\/#primaryimage\"},\"thumbnailUrl\":\"https:\/\/likouala.ontherightway.com\/wp-content\/uploads\/2025\/06\/reasponsabilita-sociale.jpg\",\"datePublished\":\"2025-06-10T10:24:36+00:00\",\"dateModified\":\"2025-10-01T14:07:42+00:00\",\"breadcrumb\":{\"@id\":\"https:\/\/likouala.ontherightway.com\/fr\/progetti-di-sanita\/#breadcrumb\"},\"inLanguage\":\"fr-FR\",\"potentialAction\":[{\"@type\":\"ReadAction\",\"target\":[\"https:\/\/likouala.ontherightway.com\/fr\/progetti-di-sanita\/\"]}]},{\"@type\":\"ImageObject\",\"inLanguage\":\"fr-FR\",\"@id\":\"https:\/\/likouala.ontherightway.com\/fr\/progetti-di-sanita\/#primaryimage\",\"url\":\"https:\/\/likouala.ontherightway.com\/wp-content\/uploads\/2025\/06\/reasponsabilita-sociale.jpg\",\"contentUrl\":\"https:\/\/likouala.ontherightway.com\/wp-content\/uploads\/2025\/06\/reasponsabilita-sociale.jpg\",\"width\":1681,\"height\":1159},{\"@type\":\"BreadcrumbList\",\"@id\":\"https:\/\/likouala.ontherightway.com\/fr\/progetti-di-sanita\/#breadcrumb\",\"itemListElement\":[{\"@type\":\"ListItem\",\"position\":1,\"name\":\"Home\",\"item\":\"https:\/\/likouala.ontherightway.com\/fr\/\"},{\"@type\":\"ListItem\",\"position\":2,\"name\":\"Projets de sant\u00e9\"}]},{\"@type\":\"WebSite\",\"@id\":\"https:\/\/likouala.ontherightway.com\/#website\",\"url\":\"https:\/\/likouala.ontherightway.com\/\",\"name\":\"Likouala Timber\",\"description\":\"\",\"potentialAction\":[{\"@type\":\"SearchAction\",\"target\":{\"@type\":\"EntryPoint\",\"urlTemplate\":\"https:\/\/likouala.ontherightway.com\/?s={search_term_string}\"},\"query-input\":{\"@type\":\"PropertyValueSpecification\",\"valueRequired\":true,\"valueName\":\"search_term_string\"}}],\"inLanguage\":\"fr-FR\"}]}<\/script>\n<!-- \/ Yoast SEO plugin. -->","yoast_head_json":{"title":"Projets de sant\u00e9 - Likouala Timber","robots":{"index":"noindex","follow":"follow","max-snippet":"max-snippet:-1","max-image-preview":"max-image-preview:large","max-video-preview":"max-video-preview:-1"},"og_locale":"fr_FR","og_type":"article","og_title":"Projets de sant\u00e9 - Likouala Timber","og_description":"Depuis un an, la soci\u00e9t\u00e9 s\u2019est engag\u00e9e dans la lutte contre la malnutrition infantile. Un centre de lutte contre la malnutrition o\u00f9 l\u2019on distribue un repas \u00e0 haute valeur nutritive (p\u00e2te d&rsquo;arachide, huile, lait, sucre, farine de ma\u00efs) par jour a \u00e9t\u00e9 cr\u00e9\u00e9 pour tous les enfants dont le poids est inf\u00e9rieur aux normes de [&hellip;]","og_url":"https:\/\/likouala.ontherightway.com\/fr\/progetti-di-sanita\/","og_site_name":"Likouala Timber","article_modified_time":"2025-10-01T14:07:42+00:00","og_image":[{"width":1681,"height":1159,"url":"https:\/\/likouala.ontherightway.com\/wp-content\/uploads\/2025\/06\/reasponsabilita-sociale.jpg","type":"image\/jpeg"}],"twitter_card":"summary_large_image","twitter_misc":{"Dur\u00e9e de lecture estim\u00e9e":"1 minute"},"schema":{"@context":"https:\/\/schema.org","@graph":[{"@type":"WebPage","@id":"https:\/\/likouala.ontherightway.com\/fr\/progetti-di-sanita\/","url":"https:\/\/likouala.ontherightway.com\/fr\/progetti-di-sanita\/","name":"Projets de sant\u00e9 - Likouala Timber","isPartOf":{"@id":"https:\/\/likouala.ontherightway.com\/#website"},"primaryImageOfPage":{"@id":"https:\/\/likouala.ontherightway.com\/fr\/progetti-di-sanita\/#primaryimage"},"image":{"@id":"https:\/\/likouala.ontherightway.com\/fr\/progetti-di-sanita\/#primaryimage"},"thumbnailUrl":"https:\/\/likouala.ontherightway.com\/wp-content\/uploads\/2025\/06\/reasponsabilita-sociale.jpg","datePublished":"2025-06-10T10:24:36+00:00","dateModified":"2025-10-01T14:07:42+00:00","breadcrumb":{"@id":"https:\/\/likouala.ontherightway.com\/fr\/progetti-di-sanita\/#breadcrumb"},"inLanguage":"fr-FR","potentialAction":[{"@type":"ReadAction","target":["https:\/\/likouala.ontherightway.com\/fr\/progetti-di-sanita\/"]}]},{"@type":"ImageObject","inLanguage":"fr-FR","@id":"https:\/\/likouala.ontherightway.com\/fr\/progetti-di-sanita\/#primaryimage","url":"https:\/\/likouala.ontherightway.com\/wp-content\/uploads\/2025\/06\/reasponsabilita-sociale.jpg","contentUrl":"https:\/\/likouala.ontherightway.com\/wp-content\/uploads\/2025\/06\/reasponsabilita-sociale.jpg","width":1681,"height":1159},{"@type":"BreadcrumbList","@id":"https:\/\/likouala.ontherightway.com\/fr\/progetti-di-sanita\/#breadcrumb","itemListElement":[{"@type":"ListItem","position":1,"name":"Home","item":"https:\/\/likouala.ontherightway.com\/fr\/"},{"@type":"ListItem","position":2,"name":"Projets de sant\u00e9"}]},{"@type":"WebSite","@id":"https:\/\/likouala.ontherightway.com\/#website","url":"https:\/\/likouala.ontherightway.com\/","name":"Likouala Timber","description":"","potentialAction":[{"@type":"SearchAction","target":{"@type":"EntryPoint","urlTemplate":"https:\/\/likouala.ontherightway.com\/?s={search_term_string}"},"query-input":{"@type":"PropertyValueSpecification","valueRequired":true,"valueName":"search_term_string"}}],"inLanguage":"fr-FR"}]}},"_links":{"self":[{"href":"https:\/\/likouala.ontherightway.com\/fr\/wp-json\/wp\/v2\/pages\/399","targetHints":{"allow":["GET"]}}],"collection":[{"href":"https:\/\/likouala.ontherightway.com\/fr\/wp-json\/wp\/v2\/pages"}],"about":[{"href":"https:\/\/likouala.ontherightway.com\/fr\/wp-json\/wp\/v2\/types\/page"}],"author":[{"embeddable":true,"href":"https:\/\/likouala.ontherightway.com\/fr\/wp-json\/wp\/v2\/users\/1"}],"replies":[{"embeddable":true,"href":"https:\/\/likouala.ontherightway.com\/fr\/wp-json\/wp\/v2\/comments?post=399"}],"version-history":[{"count":3,"href":"https:\/\/likouala.ontherightway.com\/fr\/wp-json\/wp\/v2\/pages\/399\/revisions"}],"predecessor-version":[{"id":416,"href":"https:\/\/likouala.ontherightway.com\/fr\/wp-json\/wp\/v2\/pages\/399\/revisions\/416"}],"wp:featuredmedia":[{"embeddable":true,"href":"https:\/\/likouala.ontherightway.com\/fr\/wp-json\/wp\/v2\/media\/333"}],"wp:attachment":[{"href":"https:\/\/likouala.ontherightway.com\/fr\/wp-json\/wp\/v2\/media?parent=399"}],"curies":[{"name":"wp","href":"https:\/\/api.w.org\/{rel}","templated":true}]}}