{"id":391,"date":"2025-06-10T12:11:59","date_gmt":"2025-06-10T10:11:59","guid":{"rendered":"https:\/\/likouala.ontherightway.com\/popolazioni-pigmee\/"},"modified":"2025-10-01T15:59:34","modified_gmt":"2025-10-01T13:59:34","slug":"populations-pygmees","status":"publish","type":"page","link":"https:\/\/likouala.ontherightway.com\/fr\/populations-pygmees\/","title":{"rendered":"Populations pygm\u00e9es"},"content":{"rendered":"<p>V\u00e9ritables \u00ab propri\u00e9taires \u00bb de la for\u00eat, ces populations sont extr\u00eamement marginalis\u00e9es. De culture semi nomade, les pygm\u00e9es sont souvent exploit\u00e9s par les populations Bantoues et parfois m\u00eame r\u00e9duits \u00e0 l\u2019esclavage.<\/p>\n<blockquote><p>La m\u00e9fiance et le sentiment d&rsquo;inf\u00e9riorit\u00e9 envers les populations Bantoues ne permettent pas une approche facile avec ces peuples, qui refusent souvent l&rsquo;aide pour suivre la tradition.<\/p><\/blockquote>\n<p>L\u2019objectif de la soci\u00e9t\u00e9 consiste \u00e0 les inviter, en toute libert\u00e9 et dans le respect de leurs habitudes, \u00e0 b\u00e9n\u00e9ficier, \u00e0 travers les programmes \u00e9ducatifs et sanitaires, des avantages de la civilisation moderne.<br \/>\nUn des objectifs de la soci\u00e9t\u00e9 est de les int\u00e9grer dans le processus de gestion durable \u00e0 travers notamment la cartographie sociale participative et la concertation. De plus, LT cherche \u00e0 favoriser leur alphab\u00e9tisation et \u00e0 faciliter leur acc\u00e8s aux soins. En effet, les Pygm\u00e9es souffrent encore de maladies comme la l\u00e8pre et le pian. Ils ne sont pas repr\u00e9sent\u00e9s dans les processus d\u00e9cisionnels de leur pays et la possibilit\u00e9 de jouir pleinement de leurs droits humains et civiques repr\u00e9sente encore un r\u00e9el d\u00e9fi pour le troisi\u00e8me mill\u00e9naire.<\/p>\n","protected":false},"excerpt":{"rendered":"<p>V\u00e9ritables \u00ab propri\u00e9taires \u00bb de la for\u00eat, ces populations sont extr\u00eamement marginalis\u00e9es. De culture semi nomade, les pygm\u00e9es sont souvent exploit\u00e9s par les populations Bantoues et parfois m\u00eame r\u00e9duits \u00e0 l\u2019esclavage. La m\u00e9fiance et le sentiment d&rsquo;inf\u00e9riorit\u00e9 envers les populations Bantoues ne permettent pas une approche facile avec ces peuples, qui refusent souvent l&rsquo;aide pour [&hellip;]<\/p>\n","protected":false},"author":1,"featured_media":333,"parent":0,"menu_order":0,"comment_status":"closed","ping_status":"closed","template":"","meta":{"_acf_changed":false,"inline_featured_image":false,"footnotes":""},"class_list":["post-391","page","type-page","status-publish","has-post-thumbnail","hentry"],"acf":[],"yoast_head":"<!-- This site is optimized with the Yoast SEO plugin v26.2 - https:\/\/yoast.com\/wordpress\/plugins\/seo\/ -->\n<title>Populations pygm\u00e9es - Likouala Timber<\/title>\n<meta name=\"robots\" content=\"noindex, follow, max-snippet:-1, max-image-preview:large, max-video-preview:-1\" \/>\n<meta property=\"og:locale\" content=\"fr_FR\" \/>\n<meta property=\"og:type\" content=\"article\" \/>\n<meta property=\"og:title\" content=\"Populations pygm\u00e9es - Likouala Timber\" \/>\n<meta property=\"og:description\" content=\"V\u00e9ritables \u00ab propri\u00e9taires \u00bb de la for\u00eat, ces populations sont extr\u00eamement marginalis\u00e9es. De culture semi nomade, les pygm\u00e9es sont souvent exploit\u00e9s par les populations Bantoues et parfois m\u00eame r\u00e9duits \u00e0 l\u2019esclavage. La m\u00e9fiance et le sentiment d&rsquo;inf\u00e9riorit\u00e9 envers les populations Bantoues ne permettent pas une approche facile avec ces peuples, qui refusent souvent l&rsquo;aide pour [&hellip;]\" \/>\n<meta property=\"og:url\" content=\"https:\/\/likouala.ontherightway.com\/fr\/populations-pygmees\/\" \/>\n<meta property=\"og:site_name\" content=\"Likouala Timber\" \/>\n<meta property=\"article:modified_time\" content=\"2025-10-01T13:59:34+00:00\" \/>\n<meta property=\"og:image\" content=\"https:\/\/likouala.ontherightway.com\/wp-content\/uploads\/2025\/06\/reasponsabilita-sociale.jpg\" \/>\n\t<meta property=\"og:image:width\" content=\"1681\" \/>\n\t<meta property=\"og:image:height\" content=\"1159\" \/>\n\t<meta property=\"og:image:type\" content=\"image\/jpeg\" \/>\n<meta name=\"twitter:card\" content=\"summary_large_image\" \/>\n<meta name=\"twitter:label1\" content=\"Dur\u00e9e de lecture estim\u00e9e\" \/>\n\t<meta name=\"twitter:data1\" content=\"1 minute\" \/>\n<script type=\"application\/ld+json\" class=\"yoast-schema-graph\">{\"@context\":\"https:\/\/schema.org\",\"@graph\":[{\"@type\":\"WebPage\",\"@id\":\"https:\/\/likouala.ontherightway.com\/fr\/populations-pygmees\/\",\"url\":\"https:\/\/likouala.ontherightway.com\/fr\/populations-pygmees\/\",\"name\":\"Populations pygm\u00e9es - Likouala Timber\",\"isPartOf\":{\"@id\":\"https:\/\/likouala.ontherightway.com\/#website\"},\"primaryImageOfPage\":{\"@id\":\"https:\/\/likouala.ontherightway.com\/fr\/populations-pygmees\/#primaryimage\"},\"image\":{\"@id\":\"https:\/\/likouala.ontherightway.com\/fr\/populations-pygmees\/#primaryimage\"},\"thumbnailUrl\":\"https:\/\/likouala.ontherightway.com\/wp-content\/uploads\/2025\/06\/reasponsabilita-sociale.jpg\",\"datePublished\":\"2025-06-10T10:11:59+00:00\",\"dateModified\":\"2025-10-01T13:59:34+00:00\",\"breadcrumb\":{\"@id\":\"https:\/\/likouala.ontherightway.com\/fr\/populations-pygmees\/#breadcrumb\"},\"inLanguage\":\"fr-FR\",\"potentialAction\":[{\"@type\":\"ReadAction\",\"target\":[\"https:\/\/likouala.ontherightway.com\/fr\/populations-pygmees\/\"]}]},{\"@type\":\"ImageObject\",\"inLanguage\":\"fr-FR\",\"@id\":\"https:\/\/likouala.ontherightway.com\/fr\/populations-pygmees\/#primaryimage\",\"url\":\"https:\/\/likouala.ontherightway.com\/wp-content\/uploads\/2025\/06\/reasponsabilita-sociale.jpg\",\"contentUrl\":\"https:\/\/likouala.ontherightway.com\/wp-content\/uploads\/2025\/06\/reasponsabilita-sociale.jpg\",\"width\":1681,\"height\":1159},{\"@type\":\"BreadcrumbList\",\"@id\":\"https:\/\/likouala.ontherightway.com\/fr\/populations-pygmees\/#breadcrumb\",\"itemListElement\":[{\"@type\":\"ListItem\",\"position\":1,\"name\":\"Home\",\"item\":\"https:\/\/likouala.ontherightway.com\/fr\/\"},{\"@type\":\"ListItem\",\"position\":2,\"name\":\"Populations pygm\u00e9es\"}]},{\"@type\":\"WebSite\",\"@id\":\"https:\/\/likouala.ontherightway.com\/#website\",\"url\":\"https:\/\/likouala.ontherightway.com\/\",\"name\":\"Likouala Timber\",\"description\":\"\",\"potentialAction\":[{\"@type\":\"SearchAction\",\"target\":{\"@type\":\"EntryPoint\",\"urlTemplate\":\"https:\/\/likouala.ontherightway.com\/?s={search_term_string}\"},\"query-input\":{\"@type\":\"PropertyValueSpecification\",\"valueRequired\":true,\"valueName\":\"search_term_string\"}}],\"inLanguage\":\"fr-FR\"}]}<\/script>\n<!-- \/ Yoast SEO plugin. -->","yoast_head_json":{"title":"Populations pygm\u00e9es - Likouala Timber","robots":{"index":"noindex","follow":"follow","max-snippet":"max-snippet:-1","max-image-preview":"max-image-preview:large","max-video-preview":"max-video-preview:-1"},"og_locale":"fr_FR","og_type":"article","og_title":"Populations pygm\u00e9es - Likouala Timber","og_description":"V\u00e9ritables \u00ab propri\u00e9taires \u00bb de la for\u00eat, ces populations sont extr\u00eamement marginalis\u00e9es. De culture semi nomade, les pygm\u00e9es sont souvent exploit\u00e9s par les populations Bantoues et parfois m\u00eame r\u00e9duits \u00e0 l\u2019esclavage. La m\u00e9fiance et le sentiment d&rsquo;inf\u00e9riorit\u00e9 envers les populations Bantoues ne permettent pas une approche facile avec ces peuples, qui refusent souvent l&rsquo;aide pour [&hellip;]","og_url":"https:\/\/likouala.ontherightway.com\/fr\/populations-pygmees\/","og_site_name":"Likouala Timber","article_modified_time":"2025-10-01T13:59:34+00:00","og_image":[{"width":1681,"height":1159,"url":"https:\/\/likouala.ontherightway.com\/wp-content\/uploads\/2025\/06\/reasponsabilita-sociale.jpg","type":"image\/jpeg"}],"twitter_card":"summary_large_image","twitter_misc":{"Dur\u00e9e de lecture estim\u00e9e":"1 minute"},"schema":{"@context":"https:\/\/schema.org","@graph":[{"@type":"WebPage","@id":"https:\/\/likouala.ontherightway.com\/fr\/populations-pygmees\/","url":"https:\/\/likouala.ontherightway.com\/fr\/populations-pygmees\/","name":"Populations pygm\u00e9es - Likouala Timber","isPartOf":{"@id":"https:\/\/likouala.ontherightway.com\/#website"},"primaryImageOfPage":{"@id":"https:\/\/likouala.ontherightway.com\/fr\/populations-pygmees\/#primaryimage"},"image":{"@id":"https:\/\/likouala.ontherightway.com\/fr\/populations-pygmees\/#primaryimage"},"thumbnailUrl":"https:\/\/likouala.ontherightway.com\/wp-content\/uploads\/2025\/06\/reasponsabilita-sociale.jpg","datePublished":"2025-06-10T10:11:59+00:00","dateModified":"2025-10-01T13:59:34+00:00","breadcrumb":{"@id":"https:\/\/likouala.ontherightway.com\/fr\/populations-pygmees\/#breadcrumb"},"inLanguage":"fr-FR","potentialAction":[{"@type":"ReadAction","target":["https:\/\/likouala.ontherightway.com\/fr\/populations-pygmees\/"]}]},{"@type":"ImageObject","inLanguage":"fr-FR","@id":"https:\/\/likouala.ontherightway.com\/fr\/populations-pygmees\/#primaryimage","url":"https:\/\/likouala.ontherightway.com\/wp-content\/uploads\/2025\/06\/reasponsabilita-sociale.jpg","contentUrl":"https:\/\/likouala.ontherightway.com\/wp-content\/uploads\/2025\/06\/reasponsabilita-sociale.jpg","width":1681,"height":1159},{"@type":"BreadcrumbList","@id":"https:\/\/likouala.ontherightway.com\/fr\/populations-pygmees\/#breadcrumb","itemListElement":[{"@type":"ListItem","position":1,"name":"Home","item":"https:\/\/likouala.ontherightway.com\/fr\/"},{"@type":"ListItem","position":2,"name":"Populations pygm\u00e9es"}]},{"@type":"WebSite","@id":"https:\/\/likouala.ontherightway.com\/#website","url":"https:\/\/likouala.ontherightway.com\/","name":"Likouala Timber","description":"","potentialAction":[{"@type":"SearchAction","target":{"@type":"EntryPoint","urlTemplate":"https:\/\/likouala.ontherightway.com\/?s={search_term_string}"},"query-input":{"@type":"PropertyValueSpecification","valueRequired":true,"valueName":"search_term_string"}}],"inLanguage":"fr-FR"}]}},"_links":{"self":[{"href":"https:\/\/likouala.ontherightway.com\/fr\/wp-json\/wp\/v2\/pages\/391","targetHints":{"allow":["GET"]}}],"collection":[{"href":"https:\/\/likouala.ontherightway.com\/fr\/wp-json\/wp\/v2\/pages"}],"about":[{"href":"https:\/\/likouala.ontherightway.com\/fr\/wp-json\/wp\/v2\/types\/page"}],"author":[{"embeddable":true,"href":"https:\/\/likouala.ontherightway.com\/fr\/wp-json\/wp\/v2\/users\/1"}],"replies":[{"embeddable":true,"href":"https:\/\/likouala.ontherightway.com\/fr\/wp-json\/wp\/v2\/comments?post=391"}],"version-history":[{"count":3,"href":"https:\/\/likouala.ontherightway.com\/fr\/wp-json\/wp\/v2\/pages\/391\/revisions"}],"predecessor-version":[{"id":394,"href":"https:\/\/likouala.ontherightway.com\/fr\/wp-json\/wp\/v2\/pages\/391\/revisions\/394"}],"wp:featuredmedia":[{"embeddable":true,"href":"https:\/\/likouala.ontherightway.com\/fr\/wp-json\/wp\/v2\/media\/333"}],"wp:attachment":[{"href":"https:\/\/likouala.ontherightway.com\/fr\/wp-json\/wp\/v2\/media?parent=391"}],"curies":[{"name":"wp","href":"https:\/\/api.w.org\/{rel}","templated":true}]}}