{"id":349,"date":"2025-06-10T11:15:51","date_gmt":"2025-06-10T09:15:51","guid":{"rendered":"https:\/\/likouala.ontherightway.com\/descrizione-generale-e-obiettivi\/"},"modified":"2025-10-02T08:59:07","modified_gmt":"2025-10-02T06:59:07","slug":"descrizione-generale-e-obiettivi","status":"publish","type":"page","link":"https:\/\/likouala.ontherightway.com\/fr\/descrizione-generale-e-obiettivi\/","title":{"rendered":"Gestion et objectif"},"content":{"rendered":"<p>Le d\u00e9veloppement \u00e9co-responsable est, selon la d\u00e9finition propos\u00e9e en 1987 par la Commission Mondiale pour l\u2019Environnement et le D\u00e9veloppement dans le Rapport Brundtland:<br \/>\n\u00ab Le d\u00e9veloppement durable est un d\u00e9veloppement qui r\u00e9pond aux besoins du pr\u00e9sent sans compromettre la capacit\u00e9 des g\u00e9n\u00e9rations futures de r\u00e9pondre aux leurs. Deux concepts sont inh\u00e9rents \u00e0 cette notion:<br \/>Le concept de \u00ab besoins \u00bb, et plus particuli\u00e8rement des besoins essentiels des plus d\u00e9munis, \u00e0 qui il convient d\u2019accorder la plus grande priorit\u00e9, et l\u2019id\u00e9e des limitations que l\u2019\u00e9tat de nos techniques et de notre organisation sociale impose sur la capacit\u00e9 de l\u2019environnement \u00e0 r\u00e9pondre aux besoins actuels et \u00e0 venir. \u00bb<\/p>\n","protected":false},"excerpt":{"rendered":"<p>Le d\u00e9veloppement \u00e9co-responsable est, selon la d\u00e9finition propos\u00e9e en 1987 par la Commission Mondiale pour l\u2019Environnement et le D\u00e9veloppement dans le Rapport Brundtland: \u00ab Le d\u00e9veloppement durable est un d\u00e9veloppement qui r\u00e9pond aux besoins du pr\u00e9sent sans compromettre la capacit\u00e9 des g\u00e9n\u00e9rations futures de r\u00e9pondre aux leurs. Deux concepts sont inh\u00e9rents \u00e0 cette notion:Le concept [&hellip;]<\/p>\n","protected":false},"author":1,"featured_media":326,"parent":0,"menu_order":0,"comment_status":"closed","ping_status":"closed","template":"page-gestione-obiettivi.php","meta":{"_acf_changed":false,"inline_featured_image":false,"footnotes":""},"class_list":["post-349","page","type-page","status-publish","has-post-thumbnail","hentry"],"acf":[],"yoast_head":"<!-- This site is optimized with the Yoast SEO plugin v26.2 - https:\/\/yoast.com\/wordpress\/plugins\/seo\/ -->\n<title>Gestion et objectif - Likouala Timber<\/title>\n<meta name=\"robots\" content=\"noindex, follow, max-snippet:-1, max-image-preview:large, max-video-preview:-1\" \/>\n<meta property=\"og:locale\" content=\"fr_FR\" \/>\n<meta property=\"og:type\" content=\"article\" \/>\n<meta property=\"og:title\" content=\"Gestion et objectif - Likouala Timber\" \/>\n<meta property=\"og:description\" content=\"Le d\u00e9veloppement \u00e9co-responsable est, selon la d\u00e9finition propos\u00e9e en 1987 par la Commission Mondiale pour l\u2019Environnement et le D\u00e9veloppement dans le Rapport Brundtland: \u00ab Le d\u00e9veloppement durable est un d\u00e9veloppement qui r\u00e9pond aux besoins du pr\u00e9sent sans compromettre la capacit\u00e9 des g\u00e9n\u00e9rations futures de r\u00e9pondre aux leurs. Deux concepts sont inh\u00e9rents \u00e0 cette notion:Le concept [&hellip;]\" \/>\n<meta property=\"og:url\" content=\"https:\/\/likouala.ontherightway.com\/fr\/descrizione-generale-e-obiettivi\/\" \/>\n<meta property=\"og:site_name\" content=\"Likouala Timber\" \/>\n<meta property=\"article:modified_time\" content=\"2025-10-02T06:59:07+00:00\" \/>\n<meta property=\"og:image\" content=\"https:\/\/likouala.ontherightway.com\/wp-content\/uploads\/2025\/06\/gestione-sostenibile.jpg\" \/>\n\t<meta property=\"og:image:width\" content=\"1681\" \/>\n\t<meta property=\"og:image:height\" content=\"1112\" \/>\n\t<meta property=\"og:image:type\" content=\"image\/jpeg\" \/>\n<meta name=\"twitter:card\" content=\"summary_large_image\" \/>\n<meta name=\"twitter:label1\" content=\"Dur\u00e9e de lecture estim\u00e9e\" \/>\n\t<meta name=\"twitter:data1\" content=\"1 minute\" \/>\n<script type=\"application\/ld+json\" class=\"yoast-schema-graph\">{\"@context\":\"https:\/\/schema.org\",\"@graph\":[{\"@type\":\"WebPage\",\"@id\":\"https:\/\/likouala.ontherightway.com\/fr\/descrizione-generale-e-obiettivi\/\",\"url\":\"https:\/\/likouala.ontherightway.com\/fr\/descrizione-generale-e-obiettivi\/\",\"name\":\"Gestion et objectif - Likouala Timber\",\"isPartOf\":{\"@id\":\"https:\/\/likouala.ontherightway.com\/#website\"},\"primaryImageOfPage\":{\"@id\":\"https:\/\/likouala.ontherightway.com\/fr\/descrizione-generale-e-obiettivi\/#primaryimage\"},\"image\":{\"@id\":\"https:\/\/likouala.ontherightway.com\/fr\/descrizione-generale-e-obiettivi\/#primaryimage\"},\"thumbnailUrl\":\"https:\/\/likouala.ontherightway.com\/wp-content\/uploads\/2025\/06\/gestione-sostenibile.jpg\",\"datePublished\":\"2025-06-10T09:15:51+00:00\",\"dateModified\":\"2025-10-02T06:59:07+00:00\",\"breadcrumb\":{\"@id\":\"https:\/\/likouala.ontherightway.com\/fr\/descrizione-generale-e-obiettivi\/#breadcrumb\"},\"inLanguage\":\"fr-FR\",\"potentialAction\":[{\"@type\":\"ReadAction\",\"target\":[\"https:\/\/likouala.ontherightway.com\/fr\/descrizione-generale-e-obiettivi\/\"]}]},{\"@type\":\"ImageObject\",\"inLanguage\":\"fr-FR\",\"@id\":\"https:\/\/likouala.ontherightway.com\/fr\/descrizione-generale-e-obiettivi\/#primaryimage\",\"url\":\"https:\/\/likouala.ontherightway.com\/wp-content\/uploads\/2025\/06\/gestione-sostenibile.jpg\",\"contentUrl\":\"https:\/\/likouala.ontherightway.com\/wp-content\/uploads\/2025\/06\/gestione-sostenibile.jpg\",\"width\":1681,\"height\":1112},{\"@type\":\"BreadcrumbList\",\"@id\":\"https:\/\/likouala.ontherightway.com\/fr\/descrizione-generale-e-obiettivi\/#breadcrumb\",\"itemListElement\":[{\"@type\":\"ListItem\",\"position\":1,\"name\":\"Home\",\"item\":\"https:\/\/likouala.ontherightway.com\/fr\/\"},{\"@type\":\"ListItem\",\"position\":2,\"name\":\"Gestion et objectif\"}]},{\"@type\":\"WebSite\",\"@id\":\"https:\/\/likouala.ontherightway.com\/#website\",\"url\":\"https:\/\/likouala.ontherightway.com\/\",\"name\":\"Likouala Timber\",\"description\":\"\",\"potentialAction\":[{\"@type\":\"SearchAction\",\"target\":{\"@type\":\"EntryPoint\",\"urlTemplate\":\"https:\/\/likouala.ontherightway.com\/?s={search_term_string}\"},\"query-input\":{\"@type\":\"PropertyValueSpecification\",\"valueRequired\":true,\"valueName\":\"search_term_string\"}}],\"inLanguage\":\"fr-FR\"}]}<\/script>\n<!-- \/ Yoast SEO plugin. -->","yoast_head_json":{"title":"Gestion et objectif - Likouala Timber","robots":{"index":"noindex","follow":"follow","max-snippet":"max-snippet:-1","max-image-preview":"max-image-preview:large","max-video-preview":"max-video-preview:-1"},"og_locale":"fr_FR","og_type":"article","og_title":"Gestion et objectif - Likouala Timber","og_description":"Le d\u00e9veloppement \u00e9co-responsable est, selon la d\u00e9finition propos\u00e9e en 1987 par la Commission Mondiale pour l\u2019Environnement et le D\u00e9veloppement dans le Rapport Brundtland: \u00ab Le d\u00e9veloppement durable est un d\u00e9veloppement qui r\u00e9pond aux besoins du pr\u00e9sent sans compromettre la capacit\u00e9 des g\u00e9n\u00e9rations futures de r\u00e9pondre aux leurs. Deux concepts sont inh\u00e9rents \u00e0 cette notion:Le concept [&hellip;]","og_url":"https:\/\/likouala.ontherightway.com\/fr\/descrizione-generale-e-obiettivi\/","og_site_name":"Likouala Timber","article_modified_time":"2025-10-02T06:59:07+00:00","og_image":[{"width":1681,"height":1112,"url":"https:\/\/likouala.ontherightway.com\/wp-content\/uploads\/2025\/06\/gestione-sostenibile.jpg","type":"image\/jpeg"}],"twitter_card":"summary_large_image","twitter_misc":{"Dur\u00e9e de lecture estim\u00e9e":"1 minute"},"schema":{"@context":"https:\/\/schema.org","@graph":[{"@type":"WebPage","@id":"https:\/\/likouala.ontherightway.com\/fr\/descrizione-generale-e-obiettivi\/","url":"https:\/\/likouala.ontherightway.com\/fr\/descrizione-generale-e-obiettivi\/","name":"Gestion et objectif - Likouala Timber","isPartOf":{"@id":"https:\/\/likouala.ontherightway.com\/#website"},"primaryImageOfPage":{"@id":"https:\/\/likouala.ontherightway.com\/fr\/descrizione-generale-e-obiettivi\/#primaryimage"},"image":{"@id":"https:\/\/likouala.ontherightway.com\/fr\/descrizione-generale-e-obiettivi\/#primaryimage"},"thumbnailUrl":"https:\/\/likouala.ontherightway.com\/wp-content\/uploads\/2025\/06\/gestione-sostenibile.jpg","datePublished":"2025-06-10T09:15:51+00:00","dateModified":"2025-10-02T06:59:07+00:00","breadcrumb":{"@id":"https:\/\/likouala.ontherightway.com\/fr\/descrizione-generale-e-obiettivi\/#breadcrumb"},"inLanguage":"fr-FR","potentialAction":[{"@type":"ReadAction","target":["https:\/\/likouala.ontherightway.com\/fr\/descrizione-generale-e-obiettivi\/"]}]},{"@type":"ImageObject","inLanguage":"fr-FR","@id":"https:\/\/likouala.ontherightway.com\/fr\/descrizione-generale-e-obiettivi\/#primaryimage","url":"https:\/\/likouala.ontherightway.com\/wp-content\/uploads\/2025\/06\/gestione-sostenibile.jpg","contentUrl":"https:\/\/likouala.ontherightway.com\/wp-content\/uploads\/2025\/06\/gestione-sostenibile.jpg","width":1681,"height":1112},{"@type":"BreadcrumbList","@id":"https:\/\/likouala.ontherightway.com\/fr\/descrizione-generale-e-obiettivi\/#breadcrumb","itemListElement":[{"@type":"ListItem","position":1,"name":"Home","item":"https:\/\/likouala.ontherightway.com\/fr\/"},{"@type":"ListItem","position":2,"name":"Gestion et objectif"}]},{"@type":"WebSite","@id":"https:\/\/likouala.ontherightway.com\/#website","url":"https:\/\/likouala.ontherightway.com\/","name":"Likouala Timber","description":"","potentialAction":[{"@type":"SearchAction","target":{"@type":"EntryPoint","urlTemplate":"https:\/\/likouala.ontherightway.com\/?s={search_term_string}"},"query-input":{"@type":"PropertyValueSpecification","valueRequired":true,"valueName":"search_term_string"}}],"inLanguage":"fr-FR"}]}},"_links":{"self":[{"href":"https:\/\/likouala.ontherightway.com\/fr\/wp-json\/wp\/v2\/pages\/349","targetHints":{"allow":["GET"]}}],"collection":[{"href":"https:\/\/likouala.ontherightway.com\/fr\/wp-json\/wp\/v2\/pages"}],"about":[{"href":"https:\/\/likouala.ontherightway.com\/fr\/wp-json\/wp\/v2\/types\/page"}],"author":[{"embeddable":true,"href":"https:\/\/likouala.ontherightway.com\/fr\/wp-json\/wp\/v2\/users\/1"}],"replies":[{"embeddable":true,"href":"https:\/\/likouala.ontherightway.com\/fr\/wp-json\/wp\/v2\/comments?post=349"}],"version-history":[{"count":3,"href":"https:\/\/likouala.ontherightway.com\/fr\/wp-json\/wp\/v2\/pages\/349\/revisions"}],"predecessor-version":[{"id":447,"href":"https:\/\/likouala.ontherightway.com\/fr\/wp-json\/wp\/v2\/pages\/349\/revisions\/447"}],"wp:featuredmedia":[{"embeddable":true,"href":"https:\/\/likouala.ontherightway.com\/fr\/wp-json\/wp\/v2\/media\/326"}],"wp:attachment":[{"href":"https:\/\/likouala.ontherightway.com\/fr\/wp-json\/wp\/v2\/media?parent=349"}],"curies":[{"name":"wp","href":"https:\/\/api.w.org\/{rel}","templated":true}]}}