{"id":332,"date":"2025-06-10T12:18:27","date_gmt":"2025-06-10T10:18:27","guid":{"rendered":"https:\/\/likouala.ontherightway.com\/collaborazioni\/"},"modified":"2025-10-01T14:46:31","modified_gmt":"2025-10-01T12:46:31","slug":"collaborations","status":"publish","type":"page","link":"https:\/\/likouala.ontherightway.com\/fr\/collaborations\/","title":{"rendered":"Collaborations"},"content":{"rendered":"<p style=\"text-align: center;\">Rien ne serait possible pour la soci\u00e9t\u00e9 Likouala Timber sans l\u2019aide pr\u00e9cieuse de personnes, de soci\u00e9t\u00e9s et d\u2019organisations, elles aussi attentives aux probl\u00e9matiques du d\u00e9veloppement durable et \u00e0 la conservation d\u2019un si fragile \u00e9cosyst\u00e8me.<\/p>\n<p><strong>Nous voudrions remercier pour leur appui:<\/strong><br \/>\nLa R\u00e9publique du Congo<br \/>\nLe Minist\u00e8re des Eaux et des For\u00eats<br \/>\nLes administrations centrales, r\u00e9gionales et locales<br \/>\nTous les employ\u00e9s de la soci\u00e9t\u00e9<br \/>\nLe village et les populations de Betou<br \/>\nTous nos clients<br \/>\nLa soci\u00e9t\u00e9 FRM<br \/>\nP\u00e8re Lucien Favre, Association des Spiritains au Congo (ASPC).<\/p>\n<p>Et tous ceux qui, directement ou indirectement, collaborent au succ\u00e8s de notre entreprise.<\/p>\n","protected":false},"excerpt":{"rendered":"<p>Rien ne serait possible pour la soci\u00e9t\u00e9 Likouala Timber sans l\u2019aide pr\u00e9cieuse de personnes, de soci\u00e9t\u00e9s et d\u2019organisations, elles aussi attentives aux probl\u00e9matiques du d\u00e9veloppement durable et \u00e0 la conservation d\u2019un si fragile \u00e9cosyst\u00e8me. Nous voudrions remercier pour leur appui: La R\u00e9publique du Congo Le Minist\u00e8re des Eaux et des For\u00eats Les administrations centrales, r\u00e9gionales [&hellip;]<\/p>\n","protected":false},"author":1,"featured_media":333,"parent":0,"menu_order":0,"comment_status":"closed","ping_status":"closed","template":"","meta":{"_acf_changed":false,"inline_featured_image":false,"footnotes":""},"class_list":["post-332","page","type-page","status-publish","has-post-thumbnail","hentry"],"acf":[],"yoast_head":"<!-- This site is optimized with the Yoast SEO plugin v26.2 - https:\/\/yoast.com\/wordpress\/plugins\/seo\/ -->\n<title>Collaborations - Likouala Timber<\/title>\n<meta name=\"robots\" content=\"noindex, follow, max-snippet:-1, max-image-preview:large, max-video-preview:-1\" \/>\n<meta property=\"og:locale\" content=\"fr_FR\" \/>\n<meta property=\"og:type\" content=\"article\" \/>\n<meta property=\"og:title\" content=\"Collaborations - Likouala Timber\" \/>\n<meta property=\"og:description\" content=\"Rien ne serait possible pour la soci\u00e9t\u00e9 Likouala Timber sans l\u2019aide pr\u00e9cieuse de personnes, de soci\u00e9t\u00e9s et d\u2019organisations, elles aussi attentives aux probl\u00e9matiques du d\u00e9veloppement durable et \u00e0 la conservation d\u2019un si fragile \u00e9cosyst\u00e8me. Nous voudrions remercier pour leur appui: La R\u00e9publique du Congo Le Minist\u00e8re des Eaux et des For\u00eats Les administrations centrales, r\u00e9gionales [&hellip;]\" \/>\n<meta property=\"og:url\" content=\"https:\/\/likouala.ontherightway.com\/fr\/collaborations\/\" \/>\n<meta property=\"og:site_name\" content=\"Likouala Timber\" \/>\n<meta property=\"article:modified_time\" content=\"2025-10-01T12:46:31+00:00\" \/>\n<meta property=\"og:image\" content=\"https:\/\/likouala.ontherightway.com\/wp-content\/uploads\/2025\/06\/reasponsabilita-sociale.jpg\" \/>\n\t<meta property=\"og:image:width\" content=\"1681\" \/>\n\t<meta property=\"og:image:height\" content=\"1159\" \/>\n\t<meta property=\"og:image:type\" content=\"image\/jpeg\" \/>\n<meta name=\"twitter:card\" content=\"summary_large_image\" \/>\n<meta name=\"twitter:label1\" content=\"Dur\u00e9e de lecture estim\u00e9e\" \/>\n\t<meta name=\"twitter:data1\" content=\"1 minute\" \/>\n<script type=\"application\/ld+json\" class=\"yoast-schema-graph\">{\"@context\":\"https:\/\/schema.org\",\"@graph\":[{\"@type\":\"WebPage\",\"@id\":\"https:\/\/likouala.ontherightway.com\/fr\/collaborations\/\",\"url\":\"https:\/\/likouala.ontherightway.com\/fr\/collaborations\/\",\"name\":\"Collaborations - Likouala Timber\",\"isPartOf\":{\"@id\":\"https:\/\/likouala.ontherightway.com\/#website\"},\"primaryImageOfPage\":{\"@id\":\"https:\/\/likouala.ontherightway.com\/fr\/collaborations\/#primaryimage\"},\"image\":{\"@id\":\"https:\/\/likouala.ontherightway.com\/fr\/collaborations\/#primaryimage\"},\"thumbnailUrl\":\"https:\/\/likouala.ontherightway.com\/wp-content\/uploads\/2025\/06\/reasponsabilita-sociale.jpg\",\"datePublished\":\"2025-06-10T10:18:27+00:00\",\"dateModified\":\"2025-10-01T12:46:31+00:00\",\"breadcrumb\":{\"@id\":\"https:\/\/likouala.ontherightway.com\/fr\/collaborations\/#breadcrumb\"},\"inLanguage\":\"fr-FR\",\"potentialAction\":[{\"@type\":\"ReadAction\",\"target\":[\"https:\/\/likouala.ontherightway.com\/fr\/collaborations\/\"]}]},{\"@type\":\"ImageObject\",\"inLanguage\":\"fr-FR\",\"@id\":\"https:\/\/likouala.ontherightway.com\/fr\/collaborations\/#primaryimage\",\"url\":\"https:\/\/likouala.ontherightway.com\/wp-content\/uploads\/2025\/06\/reasponsabilita-sociale.jpg\",\"contentUrl\":\"https:\/\/likouala.ontherightway.com\/wp-content\/uploads\/2025\/06\/reasponsabilita-sociale.jpg\",\"width\":1681,\"height\":1159},{\"@type\":\"BreadcrumbList\",\"@id\":\"https:\/\/likouala.ontherightway.com\/fr\/collaborations\/#breadcrumb\",\"itemListElement\":[{\"@type\":\"ListItem\",\"position\":1,\"name\":\"Home\",\"item\":\"https:\/\/likouala.ontherightway.com\/fr\/\"},{\"@type\":\"ListItem\",\"position\":2,\"name\":\"Collaborations\"}]},{\"@type\":\"WebSite\",\"@id\":\"https:\/\/likouala.ontherightway.com\/#website\",\"url\":\"https:\/\/likouala.ontherightway.com\/\",\"name\":\"Likouala Timber\",\"description\":\"\",\"potentialAction\":[{\"@type\":\"SearchAction\",\"target\":{\"@type\":\"EntryPoint\",\"urlTemplate\":\"https:\/\/likouala.ontherightway.com\/?s={search_term_string}\"},\"query-input\":{\"@type\":\"PropertyValueSpecification\",\"valueRequired\":true,\"valueName\":\"search_term_string\"}}],\"inLanguage\":\"fr-FR\"}]}<\/script>\n<!-- \/ Yoast SEO plugin. -->","yoast_head_json":{"title":"Collaborations - Likouala Timber","robots":{"index":"noindex","follow":"follow","max-snippet":"max-snippet:-1","max-image-preview":"max-image-preview:large","max-video-preview":"max-video-preview:-1"},"og_locale":"fr_FR","og_type":"article","og_title":"Collaborations - Likouala Timber","og_description":"Rien ne serait possible pour la soci\u00e9t\u00e9 Likouala Timber sans l\u2019aide pr\u00e9cieuse de personnes, de soci\u00e9t\u00e9s et d\u2019organisations, elles aussi attentives aux probl\u00e9matiques du d\u00e9veloppement durable et \u00e0 la conservation d\u2019un si fragile \u00e9cosyst\u00e8me. Nous voudrions remercier pour leur appui: La R\u00e9publique du Congo Le Minist\u00e8re des Eaux et des For\u00eats Les administrations centrales, r\u00e9gionales [&hellip;]","og_url":"https:\/\/likouala.ontherightway.com\/fr\/collaborations\/","og_site_name":"Likouala Timber","article_modified_time":"2025-10-01T12:46:31+00:00","og_image":[{"width":1681,"height":1159,"url":"https:\/\/likouala.ontherightway.com\/wp-content\/uploads\/2025\/06\/reasponsabilita-sociale.jpg","type":"image\/jpeg"}],"twitter_card":"summary_large_image","twitter_misc":{"Dur\u00e9e de lecture estim\u00e9e":"1 minute"},"schema":{"@context":"https:\/\/schema.org","@graph":[{"@type":"WebPage","@id":"https:\/\/likouala.ontherightway.com\/fr\/collaborations\/","url":"https:\/\/likouala.ontherightway.com\/fr\/collaborations\/","name":"Collaborations - Likouala Timber","isPartOf":{"@id":"https:\/\/likouala.ontherightway.com\/#website"},"primaryImageOfPage":{"@id":"https:\/\/likouala.ontherightway.com\/fr\/collaborations\/#primaryimage"},"image":{"@id":"https:\/\/likouala.ontherightway.com\/fr\/collaborations\/#primaryimage"},"thumbnailUrl":"https:\/\/likouala.ontherightway.com\/wp-content\/uploads\/2025\/06\/reasponsabilita-sociale.jpg","datePublished":"2025-06-10T10:18:27+00:00","dateModified":"2025-10-01T12:46:31+00:00","breadcrumb":{"@id":"https:\/\/likouala.ontherightway.com\/fr\/collaborations\/#breadcrumb"},"inLanguage":"fr-FR","potentialAction":[{"@type":"ReadAction","target":["https:\/\/likouala.ontherightway.com\/fr\/collaborations\/"]}]},{"@type":"ImageObject","inLanguage":"fr-FR","@id":"https:\/\/likouala.ontherightway.com\/fr\/collaborations\/#primaryimage","url":"https:\/\/likouala.ontherightway.com\/wp-content\/uploads\/2025\/06\/reasponsabilita-sociale.jpg","contentUrl":"https:\/\/likouala.ontherightway.com\/wp-content\/uploads\/2025\/06\/reasponsabilita-sociale.jpg","width":1681,"height":1159},{"@type":"BreadcrumbList","@id":"https:\/\/likouala.ontherightway.com\/fr\/collaborations\/#breadcrumb","itemListElement":[{"@type":"ListItem","position":1,"name":"Home","item":"https:\/\/likouala.ontherightway.com\/fr\/"},{"@type":"ListItem","position":2,"name":"Collaborations"}]},{"@type":"WebSite","@id":"https:\/\/likouala.ontherightway.com\/#website","url":"https:\/\/likouala.ontherightway.com\/","name":"Likouala Timber","description":"","potentialAction":[{"@type":"SearchAction","target":{"@type":"EntryPoint","urlTemplate":"https:\/\/likouala.ontherightway.com\/?s={search_term_string}"},"query-input":{"@type":"PropertyValueSpecification","valueRequired":true,"valueName":"search_term_string"}}],"inLanguage":"fr-FR"}]}},"_links":{"self":[{"href":"https:\/\/likouala.ontherightway.com\/fr\/wp-json\/wp\/v2\/pages\/332","targetHints":{"allow":["GET"]}}],"collection":[{"href":"https:\/\/likouala.ontherightway.com\/fr\/wp-json\/wp\/v2\/pages"}],"about":[{"href":"https:\/\/likouala.ontherightway.com\/fr\/wp-json\/wp\/v2\/types\/page"}],"author":[{"embeddable":true,"href":"https:\/\/likouala.ontherightway.com\/fr\/wp-json\/wp\/v2\/users\/1"}],"replies":[{"embeddable":true,"href":"https:\/\/likouala.ontherightway.com\/fr\/wp-json\/wp\/v2\/comments?post=332"}],"version-history":[{"count":2,"href":"https:\/\/likouala.ontherightway.com\/fr\/wp-json\/wp\/v2\/pages\/332\/revisions"}],"predecessor-version":[{"id":335,"href":"https:\/\/likouala.ontherightway.com\/fr\/wp-json\/wp\/v2\/pages\/332\/revisions\/335"}],"wp:featuredmedia":[{"embeddable":true,"href":"https:\/\/likouala.ontherightway.com\/fr\/wp-json\/wp\/v2\/media\/333"}],"wp:attachment":[{"href":"https:\/\/likouala.ontherightway.com\/fr\/wp-json\/wp\/v2\/media?parent=332"}],"curies":[{"name":"wp","href":"https:\/\/api.w.org\/{rel}","templated":true}]}}