{"id":325,"date":"2025-06-10T12:08:29","date_gmt":"2025-06-10T10:08:29","guid":{"rendered":"https:\/\/likouala.ontherightway.com\/certificazioni\/"},"modified":"2025-10-01T14:41:58","modified_gmt":"2025-10-01T12:41:58","slug":"certification","status":"publish","type":"page","link":"https:\/\/likouala.ontherightway.com\/fr\/certification\/","title":{"rendered":"Certification"},"content":{"rendered":"<p>La certification est un instrument capable de faire conna\u00eetre et de promouvoir l\u2019am\u00e9nagement forestier durable. Elle apporte la garantie aux consommateurs, du respect de normes fix\u00e9es quant \u00e0 l\u2019origine et la qualit\u00e9 d\u2019un produit ainsi que son mode de production.<\/p>\n<p>On assiste \u00e0 un changement des modes de consommation et \u00e0 une pression internationale accrue pour la sauvegarde des ressources de la plan\u00e8te ; le but de la certification est donc d\u2019offrir aux clients des informations sur l\u2019origine du produit, pour leur permettre d\u2019acheter un produit de qualit\u00e9, obtenu dans le respect des droits des travailleurs et de l\u2019environnement. Les producteurs, de leur c\u00f4t\u00e9, en am\u00e9liorant leurs pratiques de production, b\u00e9n\u00e9ficient d\u2019une meilleure organisation, des meilleures conditions de travail, d\u2019une communication plus efficace, de l\u2019assurance de la p\u00e9rennit\u00e9 de leur activit\u00e9 \u00e9conomique. La certification joue ainsi le r\u00f4le de trait d\u2019union entre le client et le producteur. Elle est un processus commun, \u00e0 long terme et profitable \u00e0 tous.<\/p>\n<blockquote><p>Depuis 2022, la soci\u00e9t\u00e9 a obtenu la <b>certification de l\u00e9galit\u00e9 OLB<\/b> et se pr\u00e9pare \u00e0 obtenir la certification de gestion durable.<\/p><\/blockquote>\n","protected":false},"excerpt":{"rendered":"<p>La certification est un instrument capable de faire conna\u00eetre et de promouvoir l\u2019am\u00e9nagement forestier durable. Elle apporte la garantie aux consommateurs, du respect de normes fix\u00e9es quant \u00e0 l\u2019origine et la qualit\u00e9 d\u2019un produit ainsi que son mode de production. On assiste \u00e0 un changement des modes de consommation et \u00e0 une pression internationale accrue [&hellip;]<\/p>\n","protected":false},"author":1,"featured_media":326,"parent":0,"menu_order":0,"comment_status":"closed","ping_status":"closed","template":"","meta":{"_acf_changed":false,"inline_featured_image":false,"footnotes":""},"class_list":["post-325","page","type-page","status-publish","has-post-thumbnail","hentry"],"acf":[],"yoast_head":"<!-- This site is optimized with the Yoast SEO plugin v26.2 - https:\/\/yoast.com\/wordpress\/plugins\/seo\/ -->\n<title>Certification - Likouala Timber<\/title>\n<meta name=\"robots\" content=\"noindex, follow, max-snippet:-1, max-image-preview:large, max-video-preview:-1\" \/>\n<meta property=\"og:locale\" content=\"fr_FR\" \/>\n<meta property=\"og:type\" content=\"article\" \/>\n<meta property=\"og:title\" content=\"Certification - Likouala Timber\" \/>\n<meta property=\"og:description\" content=\"La certification est un instrument capable de faire conna\u00eetre et de promouvoir l\u2019am\u00e9nagement forestier durable. Elle apporte la garantie aux consommateurs, du respect de normes fix\u00e9es quant \u00e0 l\u2019origine et la qualit\u00e9 d\u2019un produit ainsi que son mode de production. On assiste \u00e0 un changement des modes de consommation et \u00e0 une pression internationale accrue [&hellip;]\" \/>\n<meta property=\"og:url\" content=\"https:\/\/likouala.ontherightway.com\/fr\/certification\/\" \/>\n<meta property=\"og:site_name\" content=\"Likouala Timber\" \/>\n<meta property=\"article:modified_time\" content=\"2025-10-01T12:41:58+00:00\" \/>\n<meta property=\"og:image\" content=\"https:\/\/likouala.ontherightway.com\/wp-content\/uploads\/2025\/06\/gestione-sostenibile.jpg\" \/>\n\t<meta property=\"og:image:width\" content=\"1681\" \/>\n\t<meta property=\"og:image:height\" content=\"1112\" \/>\n\t<meta property=\"og:image:type\" content=\"image\/jpeg\" \/>\n<meta name=\"twitter:card\" content=\"summary_large_image\" \/>\n<meta name=\"twitter:label1\" content=\"Dur\u00e9e de lecture estim\u00e9e\" \/>\n\t<meta name=\"twitter:data1\" content=\"1 minute\" \/>\n<script type=\"application\/ld+json\" class=\"yoast-schema-graph\">{\"@context\":\"https:\/\/schema.org\",\"@graph\":[{\"@type\":\"WebPage\",\"@id\":\"https:\/\/likouala.ontherightway.com\/fr\/certification\/\",\"url\":\"https:\/\/likouala.ontherightway.com\/fr\/certification\/\",\"name\":\"Certification - Likouala Timber\",\"isPartOf\":{\"@id\":\"https:\/\/likouala.ontherightway.com\/#website\"},\"primaryImageOfPage\":{\"@id\":\"https:\/\/likouala.ontherightway.com\/fr\/certification\/#primaryimage\"},\"image\":{\"@id\":\"https:\/\/likouala.ontherightway.com\/fr\/certification\/#primaryimage\"},\"thumbnailUrl\":\"https:\/\/likouala.ontherightway.com\/wp-content\/uploads\/2025\/06\/gestione-sostenibile.jpg\",\"datePublished\":\"2025-06-10T10:08:29+00:00\",\"dateModified\":\"2025-10-01T12:41:58+00:00\",\"breadcrumb\":{\"@id\":\"https:\/\/likouala.ontherightway.com\/fr\/certification\/#breadcrumb\"},\"inLanguage\":\"fr-FR\",\"potentialAction\":[{\"@type\":\"ReadAction\",\"target\":[\"https:\/\/likouala.ontherightway.com\/fr\/certification\/\"]}]},{\"@type\":\"ImageObject\",\"inLanguage\":\"fr-FR\",\"@id\":\"https:\/\/likouala.ontherightway.com\/fr\/certification\/#primaryimage\",\"url\":\"https:\/\/likouala.ontherightway.com\/wp-content\/uploads\/2025\/06\/gestione-sostenibile.jpg\",\"contentUrl\":\"https:\/\/likouala.ontherightway.com\/wp-content\/uploads\/2025\/06\/gestione-sostenibile.jpg\",\"width\":1681,\"height\":1112},{\"@type\":\"BreadcrumbList\",\"@id\":\"https:\/\/likouala.ontherightway.com\/fr\/certification\/#breadcrumb\",\"itemListElement\":[{\"@type\":\"ListItem\",\"position\":1,\"name\":\"Home\",\"item\":\"https:\/\/likouala.ontherightway.com\/fr\/\"},{\"@type\":\"ListItem\",\"position\":2,\"name\":\"Certification\"}]},{\"@type\":\"WebSite\",\"@id\":\"https:\/\/likouala.ontherightway.com\/#website\",\"url\":\"https:\/\/likouala.ontherightway.com\/\",\"name\":\"Likouala Timber\",\"description\":\"\",\"potentialAction\":[{\"@type\":\"SearchAction\",\"target\":{\"@type\":\"EntryPoint\",\"urlTemplate\":\"https:\/\/likouala.ontherightway.com\/?s={search_term_string}\"},\"query-input\":{\"@type\":\"PropertyValueSpecification\",\"valueRequired\":true,\"valueName\":\"search_term_string\"}}],\"inLanguage\":\"fr-FR\"}]}<\/script>\n<!-- \/ Yoast SEO plugin. -->","yoast_head_json":{"title":"Certification - Likouala Timber","robots":{"index":"noindex","follow":"follow","max-snippet":"max-snippet:-1","max-image-preview":"max-image-preview:large","max-video-preview":"max-video-preview:-1"},"og_locale":"fr_FR","og_type":"article","og_title":"Certification - Likouala Timber","og_description":"La certification est un instrument capable de faire conna\u00eetre et de promouvoir l\u2019am\u00e9nagement forestier durable. Elle apporte la garantie aux consommateurs, du respect de normes fix\u00e9es quant \u00e0 l\u2019origine et la qualit\u00e9 d\u2019un produit ainsi que son mode de production. On assiste \u00e0 un changement des modes de consommation et \u00e0 une pression internationale accrue [&hellip;]","og_url":"https:\/\/likouala.ontherightway.com\/fr\/certification\/","og_site_name":"Likouala Timber","article_modified_time":"2025-10-01T12:41:58+00:00","og_image":[{"width":1681,"height":1112,"url":"https:\/\/likouala.ontherightway.com\/wp-content\/uploads\/2025\/06\/gestione-sostenibile.jpg","type":"image\/jpeg"}],"twitter_card":"summary_large_image","twitter_misc":{"Dur\u00e9e de lecture estim\u00e9e":"1 minute"},"schema":{"@context":"https:\/\/schema.org","@graph":[{"@type":"WebPage","@id":"https:\/\/likouala.ontherightway.com\/fr\/certification\/","url":"https:\/\/likouala.ontherightway.com\/fr\/certification\/","name":"Certification - Likouala Timber","isPartOf":{"@id":"https:\/\/likouala.ontherightway.com\/#website"},"primaryImageOfPage":{"@id":"https:\/\/likouala.ontherightway.com\/fr\/certification\/#primaryimage"},"image":{"@id":"https:\/\/likouala.ontherightway.com\/fr\/certification\/#primaryimage"},"thumbnailUrl":"https:\/\/likouala.ontherightway.com\/wp-content\/uploads\/2025\/06\/gestione-sostenibile.jpg","datePublished":"2025-06-10T10:08:29+00:00","dateModified":"2025-10-01T12:41:58+00:00","breadcrumb":{"@id":"https:\/\/likouala.ontherightway.com\/fr\/certification\/#breadcrumb"},"inLanguage":"fr-FR","potentialAction":[{"@type":"ReadAction","target":["https:\/\/likouala.ontherightway.com\/fr\/certification\/"]}]},{"@type":"ImageObject","inLanguage":"fr-FR","@id":"https:\/\/likouala.ontherightway.com\/fr\/certification\/#primaryimage","url":"https:\/\/likouala.ontherightway.com\/wp-content\/uploads\/2025\/06\/gestione-sostenibile.jpg","contentUrl":"https:\/\/likouala.ontherightway.com\/wp-content\/uploads\/2025\/06\/gestione-sostenibile.jpg","width":1681,"height":1112},{"@type":"BreadcrumbList","@id":"https:\/\/likouala.ontherightway.com\/fr\/certification\/#breadcrumb","itemListElement":[{"@type":"ListItem","position":1,"name":"Home","item":"https:\/\/likouala.ontherightway.com\/fr\/"},{"@type":"ListItem","position":2,"name":"Certification"}]},{"@type":"WebSite","@id":"https:\/\/likouala.ontherightway.com\/#website","url":"https:\/\/likouala.ontherightway.com\/","name":"Likouala Timber","description":"","potentialAction":[{"@type":"SearchAction","target":{"@type":"EntryPoint","urlTemplate":"https:\/\/likouala.ontherightway.com\/?s={search_term_string}"},"query-input":{"@type":"PropertyValueSpecification","valueRequired":true,"valueName":"search_term_string"}}],"inLanguage":"fr-FR"}]}},"_links":{"self":[{"href":"https:\/\/likouala.ontherightway.com\/fr\/wp-json\/wp\/v2\/pages\/325","targetHints":{"allow":["GET"]}}],"collection":[{"href":"https:\/\/likouala.ontherightway.com\/fr\/wp-json\/wp\/v2\/pages"}],"about":[{"href":"https:\/\/likouala.ontherightway.com\/fr\/wp-json\/wp\/v2\/types\/page"}],"author":[{"embeddable":true,"href":"https:\/\/likouala.ontherightway.com\/fr\/wp-json\/wp\/v2\/users\/1"}],"replies":[{"embeddable":true,"href":"https:\/\/likouala.ontherightway.com\/fr\/wp-json\/wp\/v2\/comments?post=325"}],"version-history":[{"count":1,"href":"https:\/\/likouala.ontherightway.com\/fr\/wp-json\/wp\/v2\/pages\/325\/revisions"}],"predecessor-version":[{"id":329,"href":"https:\/\/likouala.ontherightway.com\/fr\/wp-json\/wp\/v2\/pages\/325\/revisions\/329"}],"wp:featuredmedia":[{"embeddable":true,"href":"https:\/\/likouala.ontherightway.com\/fr\/wp-json\/wp\/v2\/media\/326"}],"wp:attachment":[{"href":"https:\/\/likouala.ontherightway.com\/fr\/wp-json\/wp\/v2\/media?parent=325"}],"curies":[{"name":"wp","href":"https:\/\/api.w.org\/{rel}","templated":true}]}}