{"id":302,"date":"2025-06-09T14:50:30","date_gmt":"2025-06-09T12:50:30","guid":{"rendered":"https:\/\/likouala.ontherightway.com\/azienda\/"},"modified":"2025-10-01T14:14:26","modified_gmt":"2025-10-01T12:14:26","slug":"la-societe","status":"publish","type":"page","link":"https:\/\/likouala.ontherightway.com\/fr\/la-societe\/","title":{"rendered":"La Soci\u00e9t\u00e9"},"content":{"rendered":"<p>Le fort potentiel de l\u2019Afrique et la passion pour ce m\u00e9tier ont pouss\u00e9 la soci\u00e9t\u00e9 \u00e0 moderniser l\u2019ensemble de sa production foresti\u00e8re, actuellement estim\u00e9e \u00e0 environ 150 000 m3 par an sur le site industriel de B\u00e9tou. Likouala Timber en quelques chiffres:<\/p>\n<ul>\n<li>Trois cha\u00eenes de scierie pour une capacit\u00e9 de 4 500 m3\/mois de planches;<\/li>\n<li>Une capacit\u00e9 mensuelle de s\u00e9chage de 2 000 m3;<\/li>\n<\/ul>\n<p>Une section de produits finis et semi-finis d\u2019environ 600 m3 par mois : panneaux \u00e0 trois couches (trois plis), planches S4S, lames pour Deck.<\/p>\n","protected":false},"excerpt":{"rendered":"<p>Le fort potentiel de l\u2019Afrique et la passion pour ce m\u00e9tier ont pouss\u00e9 la soci\u00e9t\u00e9 \u00e0 moderniser l\u2019ensemble de sa production foresti\u00e8re, actuellement estim\u00e9e \u00e0 environ 150 000 m3 par an sur le site industriel de B\u00e9tou. Likouala Timber en quelques chiffres: Trois cha\u00eenes de scierie pour une capacit\u00e9 de 4 500 m3\/mois de planches; [&hellip;]<\/p>\n","protected":false},"author":1,"featured_media":304,"parent":0,"menu_order":0,"comment_status":"closed","ping_status":"closed","template":"page-chi-siamo.php","meta":{"_acf_changed":false,"inline_featured_image":false,"footnotes":""},"class_list":["post-302","page","type-page","status-publish","has-post-thumbnail","hentry"],"acf":[],"yoast_head":"<!-- This site is optimized with the Yoast SEO plugin v26.2 - https:\/\/yoast.com\/wordpress\/plugins\/seo\/ -->\n<title>La Soci\u00e9t\u00e9 - Likouala Timber<\/title>\n<meta name=\"robots\" content=\"noindex, follow, max-snippet:-1, max-image-preview:large, max-video-preview:-1\" \/>\n<meta property=\"og:locale\" content=\"fr_FR\" \/>\n<meta property=\"og:type\" content=\"article\" \/>\n<meta property=\"og:title\" content=\"La Soci\u00e9t\u00e9 - Likouala Timber\" \/>\n<meta property=\"og:description\" content=\"Le fort potentiel de l\u2019Afrique et la passion pour ce m\u00e9tier ont pouss\u00e9 la soci\u00e9t\u00e9 \u00e0 moderniser l\u2019ensemble de sa production foresti\u00e8re, actuellement estim\u00e9e \u00e0 environ 150 000 m3 par an sur le site industriel de B\u00e9tou. Likouala Timber en quelques chiffres: Trois cha\u00eenes de scierie pour une capacit\u00e9 de 4 500 m3\/mois de planches; [&hellip;]\" \/>\n<meta property=\"og:url\" content=\"https:\/\/likouala.ontherightway.com\/fr\/la-societe\/\" \/>\n<meta property=\"og:site_name\" content=\"Likouala Timber\" \/>\n<meta property=\"article:modified_time\" content=\"2025-10-01T12:14:26+00:00\" \/>\n<meta property=\"og:image\" content=\"https:\/\/likouala.ontherightway.com\/wp-content\/uploads\/2025\/06\/AZIENDA.jpg\" \/>\n\t<meta property=\"og:image:width\" content=\"1681\" \/>\n\t<meta property=\"og:image:height\" content=\"792\" \/>\n\t<meta property=\"og:image:type\" content=\"image\/jpeg\" \/>\n<meta name=\"twitter:card\" content=\"summary_large_image\" \/>\n<script type=\"application\/ld+json\" class=\"yoast-schema-graph\">{\"@context\":\"https:\/\/schema.org\",\"@graph\":[{\"@type\":\"WebPage\",\"@id\":\"https:\/\/likouala.ontherightway.com\/fr\/la-societe\/\",\"url\":\"https:\/\/likouala.ontherightway.com\/fr\/la-societe\/\",\"name\":\"La Soci\u00e9t\u00e9 - Likouala Timber\",\"isPartOf\":{\"@id\":\"https:\/\/likouala.ontherightway.com\/#website\"},\"primaryImageOfPage\":{\"@id\":\"https:\/\/likouala.ontherightway.com\/fr\/la-societe\/#primaryimage\"},\"image\":{\"@id\":\"https:\/\/likouala.ontherightway.com\/fr\/la-societe\/#primaryimage\"},\"thumbnailUrl\":\"https:\/\/likouala.ontherightway.com\/wp-content\/uploads\/2025\/06\/AZIENDA.jpg\",\"datePublished\":\"2025-06-09T12:50:30+00:00\",\"dateModified\":\"2025-10-01T12:14:26+00:00\",\"breadcrumb\":{\"@id\":\"https:\/\/likouala.ontherightway.com\/fr\/la-societe\/#breadcrumb\"},\"inLanguage\":\"fr-FR\",\"potentialAction\":[{\"@type\":\"ReadAction\",\"target\":[\"https:\/\/likouala.ontherightway.com\/fr\/la-societe\/\"]}]},{\"@type\":\"ImageObject\",\"inLanguage\":\"fr-FR\",\"@id\":\"https:\/\/likouala.ontherightway.com\/fr\/la-societe\/#primaryimage\",\"url\":\"https:\/\/likouala.ontherightway.com\/wp-content\/uploads\/2025\/06\/AZIENDA.jpg\",\"contentUrl\":\"https:\/\/likouala.ontherightway.com\/wp-content\/uploads\/2025\/06\/AZIENDA.jpg\",\"width\":1681,\"height\":792},{\"@type\":\"BreadcrumbList\",\"@id\":\"https:\/\/likouala.ontherightway.com\/fr\/la-societe\/#breadcrumb\",\"itemListElement\":[{\"@type\":\"ListItem\",\"position\":1,\"name\":\"Home\",\"item\":\"https:\/\/likouala.ontherightway.com\/fr\/\"},{\"@type\":\"ListItem\",\"position\":2,\"name\":\"La Soci\u00e9t\u00e9\"}]},{\"@type\":\"WebSite\",\"@id\":\"https:\/\/likouala.ontherightway.com\/#website\",\"url\":\"https:\/\/likouala.ontherightway.com\/\",\"name\":\"Likouala Timber\",\"description\":\"\",\"potentialAction\":[{\"@type\":\"SearchAction\",\"target\":{\"@type\":\"EntryPoint\",\"urlTemplate\":\"https:\/\/likouala.ontherightway.com\/?s={search_term_string}\"},\"query-input\":{\"@type\":\"PropertyValueSpecification\",\"valueRequired\":true,\"valueName\":\"search_term_string\"}}],\"inLanguage\":\"fr-FR\"}]}<\/script>\n<!-- \/ Yoast SEO plugin. -->","yoast_head_json":{"title":"La Soci\u00e9t\u00e9 - Likouala Timber","robots":{"index":"noindex","follow":"follow","max-snippet":"max-snippet:-1","max-image-preview":"max-image-preview:large","max-video-preview":"max-video-preview:-1"},"og_locale":"fr_FR","og_type":"article","og_title":"La Soci\u00e9t\u00e9 - Likouala Timber","og_description":"Le fort potentiel de l\u2019Afrique et la passion pour ce m\u00e9tier ont pouss\u00e9 la soci\u00e9t\u00e9 \u00e0 moderniser l\u2019ensemble de sa production foresti\u00e8re, actuellement estim\u00e9e \u00e0 environ 150 000 m3 par an sur le site industriel de B\u00e9tou. Likouala Timber en quelques chiffres: Trois cha\u00eenes de scierie pour une capacit\u00e9 de 4 500 m3\/mois de planches; [&hellip;]","og_url":"https:\/\/likouala.ontherightway.com\/fr\/la-societe\/","og_site_name":"Likouala Timber","article_modified_time":"2025-10-01T12:14:26+00:00","og_image":[{"width":1681,"height":792,"url":"https:\/\/likouala.ontherightway.com\/wp-content\/uploads\/2025\/06\/AZIENDA.jpg","type":"image\/jpeg"}],"twitter_card":"summary_large_image","schema":{"@context":"https:\/\/schema.org","@graph":[{"@type":"WebPage","@id":"https:\/\/likouala.ontherightway.com\/fr\/la-societe\/","url":"https:\/\/likouala.ontherightway.com\/fr\/la-societe\/","name":"La Soci\u00e9t\u00e9 - Likouala Timber","isPartOf":{"@id":"https:\/\/likouala.ontherightway.com\/#website"},"primaryImageOfPage":{"@id":"https:\/\/likouala.ontherightway.com\/fr\/la-societe\/#primaryimage"},"image":{"@id":"https:\/\/likouala.ontherightway.com\/fr\/la-societe\/#primaryimage"},"thumbnailUrl":"https:\/\/likouala.ontherightway.com\/wp-content\/uploads\/2025\/06\/AZIENDA.jpg","datePublished":"2025-06-09T12:50:30+00:00","dateModified":"2025-10-01T12:14:26+00:00","breadcrumb":{"@id":"https:\/\/likouala.ontherightway.com\/fr\/la-societe\/#breadcrumb"},"inLanguage":"fr-FR","potentialAction":[{"@type":"ReadAction","target":["https:\/\/likouala.ontherightway.com\/fr\/la-societe\/"]}]},{"@type":"ImageObject","inLanguage":"fr-FR","@id":"https:\/\/likouala.ontherightway.com\/fr\/la-societe\/#primaryimage","url":"https:\/\/likouala.ontherightway.com\/wp-content\/uploads\/2025\/06\/AZIENDA.jpg","contentUrl":"https:\/\/likouala.ontherightway.com\/wp-content\/uploads\/2025\/06\/AZIENDA.jpg","width":1681,"height":792},{"@type":"BreadcrumbList","@id":"https:\/\/likouala.ontherightway.com\/fr\/la-societe\/#breadcrumb","itemListElement":[{"@type":"ListItem","position":1,"name":"Home","item":"https:\/\/likouala.ontherightway.com\/fr\/"},{"@type":"ListItem","position":2,"name":"La Soci\u00e9t\u00e9"}]},{"@type":"WebSite","@id":"https:\/\/likouala.ontherightway.com\/#website","url":"https:\/\/likouala.ontherightway.com\/","name":"Likouala Timber","description":"","potentialAction":[{"@type":"SearchAction","target":{"@type":"EntryPoint","urlTemplate":"https:\/\/likouala.ontherightway.com\/?s={search_term_string}"},"query-input":{"@type":"PropertyValueSpecification","valueRequired":true,"valueName":"search_term_string"}}],"inLanguage":"fr-FR"}]}},"_links":{"self":[{"href":"https:\/\/likouala.ontherightway.com\/fr\/wp-json\/wp\/v2\/pages\/302","targetHints":{"allow":["GET"]}}],"collection":[{"href":"https:\/\/likouala.ontherightway.com\/fr\/wp-json\/wp\/v2\/pages"}],"about":[{"href":"https:\/\/likouala.ontherightway.com\/fr\/wp-json\/wp\/v2\/types\/page"}],"author":[{"embeddable":true,"href":"https:\/\/likouala.ontherightway.com\/fr\/wp-json\/wp\/v2\/users\/1"}],"replies":[{"embeddable":true,"href":"https:\/\/likouala.ontherightway.com\/fr\/wp-json\/wp\/v2\/comments?post=302"}],"version-history":[{"count":3,"href":"https:\/\/likouala.ontherightway.com\/fr\/wp-json\/wp\/v2\/pages\/302\/revisions"}],"predecessor-version":[{"id":322,"href":"https:\/\/likouala.ontherightway.com\/fr\/wp-json\/wp\/v2\/pages\/302\/revisions\/322"}],"wp:featuredmedia":[{"embeddable":true,"href":"https:\/\/likouala.ontherightway.com\/fr\/wp-json\/wp\/v2\/media\/304"}],"wp:attachment":[{"href":"https:\/\/likouala.ontherightway.com\/fr\/wp-json\/wp\/v2\/media?parent=302"}],"curies":[{"name":"wp","href":"https:\/\/api.w.org\/{rel}","templated":true}]}}